{"id":26221,"date":"2024-06-19T11:20:07","date_gmt":"2024-06-19T09:20:07","guid":{"rendered":"https:\/\/heliosinnovations.se\/?page_id=26221"},"modified":"2025-11-05T11:12:55","modified_gmt":"2025-11-05T10:12:55","slug":"vattenrening-som-tjanst","status":"publish","type":"page","link":"https:\/\/heliosinnovations.se\/en\/vart-erbjudande\/vattenrening-som-tjanst\/","title":{"rendered":"Water treatment as a service"},"content":{"rendered":"<p>[et_pb_section fb_built=&#8221;1&#8243; _builder_version=&#8221;4.27.4&#8243; _module_preset=&#8221;default&#8221; custom_margin=&#8221;30px||||false|false&#8221; custom_padding=&#8221;||0px||false|false&#8221; locked=&#8221;off&#8221; global_colors_info=&#8221;{}&#8221;][et_pb_row _builder_version=&#8221;4.27.4&#8243; _module_preset=&#8221;default&#8221; global_colors_info=&#8221;{}&#8221;][et_pb_column type=&#8221;4_4&#8243; _builder_version=&#8221;4.27.4&#8243; _module_preset=&#8221;default&#8221; global_colors_info=&#8221;{}&#8221;][et_pb_text _builder_version=&#8221;4.27.4&#8243; _module_preset=&#8221;default&#8221; header_text_color=&#8221;#FFFFFF&#8221; header_font_size=&#8221;50px&#8221; custom_margin=&#8221;20px||||false|false&#8221; custom_padding=&#8221;0px||||false|false&#8221; global_colors_info=&#8221;{}&#8221;]<\/p>\n<h1><span style=\"color: #000000;\">V\u00e5r tj\u00e4nst<\/span><\/h1>\n<p>[\/et_pb_text][\/et_pb_column][\/et_pb_row][et_pb_row column_structure=&#8221;1_2,1_2&#8243; _builder_version=&#8221;4.27.4&#8243; _module_preset=&#8221;default&#8221; width=&#8221;90%&#8221; custom_margin=&#8221;-29px||||false|false&#8221; custom_padding=&#8221;62px|||||&#8221; global_colors_info=&#8221;{}&#8221;][et_pb_column type=&#8221;1_2&#8243; _builder_version=&#8221;4.19.0&#8243; _module_preset=&#8221;default&#8221; global_colors_info=&#8221;{}&#8221;][et_pb_text _builder_version=&#8221;4.19.0&#8243; _module_preset=&#8221;default&#8221; text_font=&#8221;Raleway||||||||&#8221; text_text_color=&#8221;#232323&#8243; header_2_font=&#8221;||||||||&#8221; header_2_font_size=&#8221;30px&#8221; header_3_font=&#8221;||||||||&#8221; header_3_font_size=&#8221;30px&#8221; locked=&#8221;off&#8221; global_colors_info=&#8221;{}&#8221;]<\/p>\n<h3>INDUSTRIELL MASKINLEASING<\/h3>\n<p>V\u00e5rt leasingprogram erbjuder en kostnadseffektiv l\u00f6sning f\u00f6r industriell vattenrening. Genom att betala ett fast pris per renat ton vatten, f\u00e5r v\u00e5ra kunder tillg\u00e5ng till toppmodern teknologi utan att beh\u00f6va g\u00f6ra en stor initial investering.<\/p>\n<p><strong>Vad ing\u00e5r i leasingavtalet:<\/strong><\/p>\n<ul>\n<li><strong>Installation:<\/strong> Vi tar hand om hela installationsprocessen p\u00e5 plats hos er.<\/li>\n<li><strong>Service och underh\u00e5ll:<\/strong> Regelbunden service och underh\u00e5ll ing\u00e5r, inklusive \u00f6vervakning dygnet runt f\u00f6r att garantera optimal prestanda.<\/li>\n<li><strong>Uppdateringar:<\/strong> Kostnadsfria uppdateringar av b\u00e5de mjukvara och h\u00e5rdvara, vilket s\u00e4kerst\u00e4ller att ni alltid har den senaste teknologin.<\/li>\n<li><strong>Avs\u00e4ttning:<\/strong> Vi hanterar avs\u00e4ttningen av koncentratet, s\u00e5 ni kan fokusera p\u00e5 er k\u00e4rnverksamhet.<\/li>\n<\/ul>\n<p><strong>F\u00f6rdelar med v\u00e5rt leasingprogram:<\/strong><\/p>\n<ul>\n<li><strong>Ingen stor initial investering:<\/strong> Betala endast en m\u00e5natlig faktura baserat p\u00e5 volymen renat vatten.<strong style=\"font-size: 16px;\"><\/strong><\/li>\n<li><strong>L\u00e5ngsiktiga avtal:<\/strong> V\u00e5ra avtal str\u00e4cker sig \u00f6ver flera \u00e5r, vilket ger trygghet och kontinuitet i er vattenrening.<\/li>\n<\/ul>\n<p>Med v\u00e5r industriella maskinleasing f\u00e5r ni en komplett och bekymmersfri l\u00f6sning f\u00f6r er vattenrening, anpassad efter era behov och krav.<\/p>\n<p>[\/et_pb_text][\/et_pb_column][et_pb_column type=&#8221;1_2&#8243; _builder_version=&#8221;4.19.0&#8243; _module_preset=&#8221;default&#8221; global_colors_info=&#8221;{}&#8221;][et_pb_image src=&#8221;https:\/\/heliosinnovations.se\/wp-content\/uploads\/2024\/06\/helios030-scaled-e1718788602801.jpg&#8221; title_text=&#8221;helios030&#8243; align=&#8221;center&#8221; _builder_version=&#8221;4.27.4&#8243; _module_preset=&#8221;default&#8221; custom_padding=&#8221;36px|||||&#8221; border_radii=&#8221;on|30px|30px|30px|30px&#8221; global_colors_info=&#8221;{}&#8221;][\/et_pb_image][\/et_pb_column][\/et_pb_row][\/et_pb_section][et_pb_section fb_built=&#8221;1&#8243; _builder_version=&#8221;4.19.0&#8243; _module_preset=&#8221;default&#8221; custom_padding=&#8221;0px||0px||false|false&#8221; locked=&#8221;off&#8221; global_colors_info=&#8221;{}&#8221;][et_pb_row _builder_version=&#8221;4.19.0&#8243; _module_preset=&#8221;default&#8221; width=&#8221;90%&#8221; custom_padding=&#8221;2%||||false|false&#8221; global_colors_info=&#8221;{}&#8221;][et_pb_column type=&#8221;4_4&#8243; _builder_version=&#8221;4.19.0&#8243; _module_preset=&#8221;default&#8221; global_colors_info=&#8221;{}&#8221;][et_pb_divider color=&#8221;#daeef8&#8243; divider_weight=&#8221;2px&#8221; _builder_version=&#8221;4.19.0&#8243; _module_preset=&#8221;default&#8221; global_colors_info=&#8221;{}&#8221;][\/et_pb_divider][\/et_pb_column][\/et_pb_row][\/et_pb_section][et_pb_section fb_built=&#8221;1&#8243; _builder_version=&#8221;4.19.0&#8243; _module_preset=&#8221;default&#8221; custom_padding=&#8221;0px||||false|false&#8221; locked=&#8221;off&#8221; global_colors_info=&#8221;{}&#8221;][\/et_pb_section]<\/p>\n","protected":false},"excerpt":{"rendered":"<p>V\u00e5r tj\u00e4nstINDUSTRIELL MASKINLEASING V\u00e5rt leasingprogram erbjuder en kostnadseffektiv l\u00f6sning f\u00f6r industriell vattenrening. Genom att betala ett fast pris per renat ton vatten, f\u00e5r v\u00e5ra kunder tillg\u00e5ng till toppmodern teknologi utan att beh\u00f6va g\u00f6ra en stor initial investering. Vad ing\u00e5r i leasingavtalet: Installation: Vi tar hand om hela installationsprocessen p\u00e5 plats hos er. Service och underh\u00e5ll: [&hellip;]<\/p>\n","protected":false},"author":2,"featured_media":0,"parent":25472,"menu_order":0,"comment_status":"closed","ping_status":"closed","template":"","meta":{"_et_pb_use_builder":"on","_et_pb_old_content":"","_et_gb_content_width":"","footnotes":""},"class_list":["post-26221","page","type-page","status-publish","hentry"],"_links":{"self":[{"href":"https:\/\/heliosinnovations.se\/en\/wp-json\/wp\/v2\/pages\/26221","targetHints":{"allow":["GET"]}}],"collection":[{"href":"https:\/\/heliosinnovations.se\/en\/wp-json\/wp\/v2\/pages"}],"about":[{"href":"https:\/\/heliosinnovations.se\/en\/wp-json\/wp\/v2\/types\/page"}],"author":[{"embeddable":true,"href":"https:\/\/heliosinnovations.se\/en\/wp-json\/wp\/v2\/users\/2"}],"replies":[{"embeddable":true,"href":"https:\/\/heliosinnovations.se\/en\/wp-json\/wp\/v2\/comments?post=26221"}],"version-history":[{"count":0,"href":"https:\/\/heliosinnovations.se\/en\/wp-json\/wp\/v2\/pages\/26221\/revisions"}],"up":[{"embeddable":true,"href":"https:\/\/heliosinnovations.se\/en\/wp-json\/wp\/v2\/pages\/25472"}],"wp:attachment":[{"href":"https:\/\/heliosinnovations.se\/en\/wp-json\/wp\/v2\/media?parent=26221"}],"curies":[{"name":"wp","href":"https:\/\/api.w.org\/{rel}","templated":true}]}}