{"id":26201,"date":"2024-06-19T11:20:00","date_gmt":"2024-06-19T09:20:00","guid":{"rendered":"https:\/\/heliosinnovations.se\/?page_id=26201"},"modified":"2025-11-05T11:13:23","modified_gmt":"2025-11-05T10:13:23","slug":"produkter","status":"publish","type":"page","link":"https:\/\/heliosinnovations.se\/en\/vart-erbjudande\/produkter\/","title":{"rendered":"Products"},"content":{"rendered":"<p>[et_pb_section fb_built=&#8221;1&#8243; _builder_version=&#8221;4.27.4&#8243; _module_preset=&#8221;default&#8221; background_enable_image=&#8221;off&#8221; background_position=&#8221;bottom_center&#8221; custom_margin=&#8221;20px||||false|false&#8221; locked=&#8221;off&#8221; global_colors_info=&#8221;{}&#8221;][et_pb_row _builder_version=&#8221;4.27.4&#8243; _module_preset=&#8221;default&#8221; width=&#8221;90%&#8221; global_colors_info=&#8221;{}&#8221;][et_pb_column type=&#8221;4_4&#8243; _builder_version=&#8221;4.19.0&#8243; _module_preset=&#8221;default&#8221; global_colors_info=&#8221;{}&#8221;][et_pb_text _builder_version=&#8221;4.27.4&#8243; _module_preset=&#8221;default&#8221; header_text_color=&#8221;#FFFFFF&#8221; header_font_size=&#8221;50px&#8221; global_colors_info=&#8221;{}&#8221;]<\/p>\n<h1><span style=\"color: #000000;\">V\u00e5ra produkter<\/span><\/h1>\n<p>[\/et_pb_text][\/et_pb_column][\/et_pb_row][\/et_pb_section][et_pb_section fb_built=&#8221;1&#8243; _builder_version=&#8221;4.27.4&#8243; _module_preset=&#8221;default&#8221; custom_margin=&#8221;-100px||||false|false&#8221; custom_padding=&#8221;||0px||false|false&#8221; locked=&#8221;off&#8221; global_colors_info=&#8221;{}&#8221;][et_pb_row _builder_version=&#8221;4.23.1&#8243; _module_preset=&#8221;default&#8221; global_colors_info=&#8221;{}&#8221;][et_pb_column type=&#8221;4_4&#8243; _builder_version=&#8221;4.23.1&#8243; _module_preset=&#8221;default&#8221; global_colors_info=&#8221;{}&#8221;][et_pb_text _builder_version=&#8221;4.23.1&#8243; _module_preset=&#8221;default&#8221; global_colors_info=&#8221;{}&#8221;]<\/p>\n<h1 style=\"text-align: center;\">VATTENRENINGSANL\u00c4GGNINGAR<\/h1>\n<p>[\/et_pb_text][\/et_pb_column][\/et_pb_row][et_pb_row column_structure=&#8221;1_3,1_3,1_3&#8243; _builder_version=&#8221;4.23.1&#8243; _module_preset=&#8221;default&#8221; global_colors_info=&#8221;{}&#8221;][et_pb_column type=&#8221;1_3&#8243; _builder_version=&#8221;4.23.1&#8243; _module_preset=&#8221;default&#8221; global_colors_info=&#8221;{}&#8221;][et_pb_image src=&#8221;https:\/\/heliosinnovations.se\/wp-content\/uploads\/2024\/06\/05-stena-render-4K-corner-scaled-e1718786924286.jpg&#8221; title_text=&#8221;05 stena render 4K corner&#8221; _builder_version=&#8221;4.27.4&#8243; _module_preset=&#8221;default&#8221; border_radii=&#8221;on|30px|30px|30px|30px&#8221; global_colors_info=&#8221;{}&#8221;][\/et_pb_image][et_pb_text _builder_version=&#8221;4.23.1&#8243; _module_preset=&#8221;default&#8221; global_colors_info=&#8221;{}&#8221;]<\/p>\n<h2>EVA<\/h2>\n<p>V\u00e5r st\u00f6rsta modell, f\u00f6r industrier med behov att rena 5000-10 000 m3\/\u00e5r.<\/p>\n<p>Kapactiet: 5000-10 000 m3\/\u00e5r<br \/>Yta: ca 70m2 (inkl. enhet, kyltorn, pumpar, vvx)<br \/>Temperatur p\u00e5 restv\u00e4rmestr\u00f6m: 60-95\u00b0C<br \/>Elf\u00f6rbrukning: ca 25 kWh\/m3<\/p>\n<p>[\/et_pb_text][\/et_pb_column][et_pb_column type=&#8221;1_3&#8243; _builder_version=&#8221;4.23.1&#8243; _module_preset=&#8221;default&#8221; global_colors_info=&#8221;{}&#8221;][et_pb_image src=&#8221;https:\/\/heliosinnovations.se\/wp-content\/uploads\/2024\/06\/Picture2-1-e1718786796450.png&#8221; title_text=&#8221;Picture2&#8243; _builder_version=&#8221;4.27.4&#8243; _module_preset=&#8221;default&#8221; border_radii=&#8221;on|30px|30px|30px|30px&#8221; global_colors_info=&#8221;{}&#8221;][\/et_pb_image][et_pb_text _builder_version=&#8221;4.23.1&#8243; _module_preset=&#8221;default&#8221; global_colors_info=&#8221;{}&#8221;]<\/p>\n<h2>IDA<\/h2>\n<p>V\u00e5r mellanstora modell, f\u00f6r industrier med behov att rena 1500-3000 m3\/\u00e5r.<\/p>\n<p>Kapacitet: 1500-3000 m3\/\u00e5r<br \/>Yta: ca 50 m2 (inkl. enhet, kyltorn, pumpar, vvx)<br \/>Temperatur p\u00e5 restv\u00e4rmestr\u00f6m: 60-95\u00b0C<br \/>Elf\u00f6rbrukning: ca 30 kWh\/m3<\/p>\n<p>[\/et_pb_text][\/et_pb_column][et_pb_column type=&#8221;1_3&#8243; _builder_version=&#8221;4.23.1&#8243; _module_preset=&#8221;default&#8221; global_colors_info=&#8221;{}&#8221;][et_pb_image src=&#8221;https:\/\/heliosinnovations.se\/wp-content\/uploads\/2025\/05\/Tess-Container-241121-scaled-e1748615688886.jpg&#8221; title_text=&#8221;Tess Container 241121&#8243; _builder_version=&#8221;4.27.4&#8243; _module_preset=&#8221;default&#8221; border_radii=&#8221;on|30px|30px|30px|30px&#8221; global_colors_info=&#8221;{}&#8221;][\/et_pb_image][et_pb_text _builder_version=&#8221;4.23.1&#8243; _module_preset=&#8221;default&#8221; global_colors_info=&#8221;{}&#8221;]<\/p>\n<h2>CONTESS<\/h2>\n<p>V\u00e5r modul\u00e4ra, eldrivna modell, f\u00f6r industrier med behov att rena 1000 m3\/\u00e5r och vill ha en plug-and-play-l\u00f6sning utan st\u00f6rre installation.<\/p>\n<p>Kapacitet: 1000 m3\/\u00e5r<br \/>Yta: ca 15 m3 f\u00f6r containern, exklusive eventuella lagringstankar, efterpoleringssteg etc.<br \/>Elf\u00f6rbrukning: 240-300 kWh\/renad m3<\/p>\n<p>[\/et_pb_text][\/et_pb_column][\/et_pb_row][et_pb_row _builder_version=&#8221;4.23.1&#8243; _module_preset=&#8221;default&#8221; global_colors_info=&#8221;{}&#8221;][et_pb_column type=&#8221;4_4&#8243; _builder_version=&#8221;4.23.1&#8243; _module_preset=&#8221;default&#8221; global_colors_info=&#8221;{}&#8221;][et_pb_text _builder_version=&#8221;4.23.1&#8243; _module_preset=&#8221;default&#8221; global_colors_info=&#8221;{}&#8221;]<\/p>\n<p>Alla v\u00e5ra anl\u00e4ggningar har en f\u00f6rv\u00e4ntad volymreduktion av processvattnet om ca 90-97%. De \u00e4r \u00e4ven helautomatiserade och kr\u00e4ver endast enstaka filterbyten efter installation.<\/p>\n<p>&nbsp;<\/p>\n<p>[\/et_pb_text][\/et_pb_column][\/et_pb_row][\/et_pb_section][et_pb_section fb_built=&#8221;1&#8243; _builder_version=&#8221;4.19.0&#8243; _module_preset=&#8221;default&#8221; custom_padding=&#8221;0px||0px||false|false&#8221; locked=&#8221;off&#8221; global_colors_info=&#8221;{}&#8221;][et_pb_row _builder_version=&#8221;4.19.0&#8243; _module_preset=&#8221;default&#8221; width=&#8221;90%&#8221; custom_padding=&#8221;2%||||false|false&#8221; global_colors_info=&#8221;{}&#8221;][et_pb_column type=&#8221;4_4&#8243; _builder_version=&#8221;4.19.0&#8243; _module_preset=&#8221;default&#8221; global_colors_info=&#8221;{}&#8221;][et_pb_divider color=&#8221;#daeef8&#8243; divider_weight=&#8221;2px&#8221; _builder_version=&#8221;4.19.0&#8243; _module_preset=&#8221;default&#8221; global_colors_info=&#8221;{}&#8221;][\/et_pb_divider][\/et_pb_column][\/et_pb_row][\/et_pb_section][et_pb_section fb_built=&#8221;1&#8243; _builder_version=&#8221;4.19.0&#8243; _module_preset=&#8221;default&#8221; custom_padding=&#8221;0px||||false|false&#8221; locked=&#8221;off&#8221; global_colors_info=&#8221;{}&#8221;][\/et_pb_section]<\/p>\n","protected":false},"excerpt":{"rendered":"<p>V\u00e5ra produkterVATTENRENINGSANL\u00c4GGNINGAREVA V\u00e5r st\u00f6rsta modell, f\u00f6r industrier med behov att rena 5000-10 000 m3\/\u00e5r. Kapactiet: 5000-10 000 m3\/\u00e5rYta: ca 70m2 (inkl. enhet, kyltorn, pumpar, vvx)Temperatur p\u00e5 restv\u00e4rmestr\u00f6m: 60-95\u00b0CElf\u00f6rbrukning: ca 25 kWh\/m3IDA V\u00e5r mellanstora modell, f\u00f6r industrier med behov att rena 1500-3000 m3\/\u00e5r. Kapacitet: 1500-3000 m3\/\u00e5rYta: ca 50 m2 (inkl. enhet, kyltorn, pumpar, vvx)Temperatur p\u00e5 restv\u00e4rmestr\u00f6m: [&hellip;]<\/p>\n","protected":false},"author":2,"featured_media":0,"parent":25472,"menu_order":0,"comment_status":"closed","ping_status":"closed","template":"","meta":{"_et_pb_use_builder":"on","_et_pb_old_content":"","_et_gb_content_width":"","footnotes":""},"class_list":["post-26201","page","type-page","status-publish","hentry"],"_links":{"self":[{"href":"https:\/\/heliosinnovations.se\/en\/wp-json\/wp\/v2\/pages\/26201","targetHints":{"allow":["GET"]}}],"collection":[{"href":"https:\/\/heliosinnovations.se\/en\/wp-json\/wp\/v2\/pages"}],"about":[{"href":"https:\/\/heliosinnovations.se\/en\/wp-json\/wp\/v2\/types\/page"}],"author":[{"embeddable":true,"href":"https:\/\/heliosinnovations.se\/en\/wp-json\/wp\/v2\/users\/2"}],"replies":[{"embeddable":true,"href":"https:\/\/heliosinnovations.se\/en\/wp-json\/wp\/v2\/comments?post=26201"}],"version-history":[{"count":0,"href":"https:\/\/heliosinnovations.se\/en\/wp-json\/wp\/v2\/pages\/26201\/revisions"}],"up":[{"embeddable":true,"href":"https:\/\/heliosinnovations.se\/en\/wp-json\/wp\/v2\/pages\/25472"}],"wp:attachment":[{"href":"https:\/\/heliosinnovations.se\/en\/wp-json\/wp\/v2\/media?parent=26201"}],"curies":[{"name":"wp","href":"https:\/\/api.w.org\/{rel}","templated":true}]}}