{"id":28,"date":"2022-11-04T14:27:43","date_gmt":"2022-11-04T13:27:43","guid":{"rendered":"https:\/\/heliosinnovations.se\/?page_id=28"},"modified":"2025-10-07T20:52:23","modified_gmt":"2025-10-07T18:52:23","slug":"om-oss","status":"publish","type":"page","link":"https:\/\/heliosinnovations.se\/de\/om-oss\/","title":{"rendered":"\u00dcber uns"},"content":{"rendered":"<p>[et_pb_section fb_built=&#8221;1&#8243; _builder_version=&#8221;4.23.1&#8243; _module_preset=&#8221;default&#8221; background_image=&#8221;https:\/\/heliosinnovations.se\/wp-content\/uploads\/2024\/06\/helios035-scaled.jpg&#8221; custom_padding=&#8221;250px|||||&#8221; global_colors_info=&#8221;{}&#8221;][et_pb_row _builder_version=&#8221;4.19.0&#8243; _module_preset=&#8221;default&#8221; width=&#8221;90%&#8221; global_colors_info=&#8221;{}&#8221;][et_pb_column type=&#8221;4_4&#8243; _builder_version=&#8221;4.19.0&#8243; _module_preset=&#8221;default&#8221; global_colors_info=&#8221;{}&#8221;][et_pb_text _builder_version=&#8221;4.19.0&#8243; _module_preset=&#8221;default&#8221; header_font=&#8221;||||||||&#8221; header_text_color=&#8221;#f2f2f2&#8243; header_font_size=&#8221;50px&#8221; header_3_font=&#8221;||||||||&#8221; header_3_text_color=&#8221;#FFFFFF&#8221; header_3_font_size=&#8221;28px&#8221; header_3_line_height=&#8221;1.7em&#8221; custom_margin=&#8221;|0px|||false|false&#8221; custom_padding=&#8221;|40%|||false|false&#8221; custom_padding_tablet=&#8221;|40%|||false|false&#8221; custom_padding_phone=&#8221;|0%|||false|false&#8221; custom_padding_last_edited=&#8221;on|phone&#8221; global_colors_info=&#8221;{}&#8221;]<\/p>\n<h3>Om oss<\/h3>\n<h1>Framtidens reningsteknik<\/h1>\n<h1><\/h1>\n<p>[\/et_pb_text][\/et_pb_column][\/et_pb_row][\/et_pb_section][et_pb_section fb_built=&#8221;1&#8243; _builder_version=&#8221;4.19.0&#8243; _module_preset=&#8221;default&#8221; custom_padding=&#8221;||0px||false|false&#8221; global_colors_info=&#8221;{}&#8221;][et_pb_row column_structure=&#8221;1_2,1_2&#8243; _builder_version=&#8221;4.19.0&#8243; _module_preset=&#8221;default&#8221; width=&#8221;90%&#8221; global_colors_info=&#8221;{}&#8221;][et_pb_column type=&#8221;1_2&#8243; _builder_version=&#8221;4.19.0&#8243; _module_preset=&#8221;default&#8221; global_colors_info=&#8221;{}&#8221;][et_pb_text _builder_version=&#8221;4.19.0&#8243; _module_preset=&#8221;default&#8221; global_colors_info=&#8221;{}&#8221;]<\/p>\n<h1>Om Helios Innovations<\/h1>\n<p data-start=\"147\" data-end=\"305\"><strong data-start=\"147\" data-end=\"303\">Helios Innovations grundades ur id\u00e9n om att g\u00f6ra en av industrins mest energikr\u00e4vande processer \u2013 indunstning \u2013 enklare, mer energieffektiv och h\u00e5llbar.<\/strong><\/p>\n<p data-start=\"312\" data-end=\"564\">Id\u00e9n f\u00f6ddes 2017 av Jonatan Persson och har sedan dess utvecklats till en bepr\u00f6vad och prisbel\u00f6nt teknik. Efter flera \u00e5rs utveckling verifierades tekniken i industriell skala sommaren 2020, och 2022 installerades den f\u00f6rsta kommersiella anl\u00e4ggningen.<\/p>\n<p data-start=\"571\" data-end=\"851\">Under 2024\u20132025 tog Helios steget in i en ny tillv\u00e4xtfas med kraftig expansion av b\u00e5de team och installerade anl\u00e4ggningar. Idag erbjuder vi modul\u00e4ra, eldrivna plug-and-play-l\u00f6sningar f\u00f6r vattenrening \u2013 levererade som en tj\u00e4nst, med full service och fokus p\u00e5 enkelhet f\u00f6r kunden.<\/p>\n<p>&nbsp;<\/p>\n<p>[\/et_pb_text][et_pb_text _builder_version=&#8221;4.19.0&#8243; _module_preset=&#8221;default&#8221; header_2_font_size=&#8221;24px&#8221; global_colors_info=&#8221;{}&#8221;]<\/p>\n<h2>Mission<\/h2>\n<p><strong data-start=\"100\" data-end=\"245\">Helios Innovations utvecklar modul\u00e4ra, eldrivna indunstningsanl\u00e4ggningar som g\u00f6r industriell vattenrening enkel, energieffektiv och cirkul\u00e4r.<\/strong> Genom v\u00e5r tj\u00e4nstebaserade modell \u2013 <em data-start=\"281\" data-end=\"311\">Water Treatment as a Service<\/em> \u2013 hj\u00e4lper vi industrier att drastiskt minska sina avfallsvolymer och milj\u00f6p\u00e5verkan, utan investeringar eller komplexa installationer.<\/p>\n<p>[\/et_pb_text][\/et_pb_column][et_pb_column type=&#8221;1_2&#8243; _builder_version=&#8221;4.19.0&#8243; _module_preset=&#8221;default&#8221; global_colors_info=&#8221;{}&#8221;][et_pb_image src=&#8221;https:\/\/heliosinnovations.se\/wp-content\/uploads\/2022\/11\/Helios_logo_centrerad_mork_transparent.png&#8221; title_text=&#8221;Helios_logo_centrerad_m\u00f6rk_transparent&#8221; align=&#8221;center&#8221; _builder_version=&#8221;4.19.0&#8243; _module_preset=&#8221;default&#8221; width=&#8221;60%&#8221; max_width=&#8221;100%&#8221; global_colors_info=&#8221;{}&#8221;][\/et_pb_image][\/et_pb_column][\/et_pb_row][\/et_pb_section][et_pb_section fb_built=&#8221;1&#8243; _builder_version=&#8221;4.19.0&#8243; _module_preset=&#8221;default&#8221; custom_padding=&#8221;0px||0px||false|false&#8221; locked=&#8221;off&#8221; global_colors_info=&#8221;{}&#8221;][et_pb_row _builder_version=&#8221;4.19.0&#8243; _module_preset=&#8221;default&#8221; width=&#8221;90%&#8221; custom_padding=&#8221;2%||||false|false&#8221; global_colors_info=&#8221;{}&#8221;][et_pb_column type=&#8221;4_4&#8243; _builder_version=&#8221;4.19.0&#8243; _module_preset=&#8221;default&#8221; global_colors_info=&#8221;{}&#8221;][et_pb_divider color=&#8221;#daeef8&#8243; divider_weight=&#8221;2px&#8221; _builder_version=&#8221;4.19.0&#8243; _module_preset=&#8221;default&#8221; global_colors_info=&#8221;{}&#8221;][\/et_pb_divider][\/et_pb_column][\/et_pb_row][\/et_pb_section][et_pb_section fb_built=&#8221;1&#8243; _builder_version=&#8221;4.19.0&#8243; _module_preset=&#8221;default&#8221; custom_padding=&#8221;0px||||false|false&#8221; locked=&#8221;off&#8221; global_colors_info=&#8221;{}&#8221;][et_pb_row _builder_version=&#8221;4.19.0&#8243; _module_preset=&#8221;default&#8221; width=&#8221;90%&#8221; custom_padding=&#8221;||||false|false&#8221; global_colors_info=&#8221;{}&#8221;][et_pb_column type=&#8221;4_4&#8243; _builder_version=&#8221;4.19.0&#8243; _module_preset=&#8221;default&#8221; global_colors_info=&#8221;{}&#8221;][\/et_pb_column][\/et_pb_row][\/et_pb_section]<\/p>\n","protected":false},"excerpt":{"rendered":"<p>Om oss Framtidens reningsteknik Om Helios Innovations Helios Innovations grundades ur id\u00e9n om att g\u00f6ra en av industrins mest energikr\u00e4vande processer \u2013 indunstning \u2013 enklare, mer energieffektiv och h\u00e5llbar. Id\u00e9n f\u00f6ddes 2017 av Jonatan Persson och har sedan dess utvecklats till en bepr\u00f6vad och prisbel\u00f6nt teknik. Efter flera \u00e5rs utveckling verifierades tekniken i industriell skala [&hellip;]<\/p>\n","protected":false},"author":1,"featured_media":0,"parent":0,"menu_order":0,"comment_status":"closed","ping_status":"closed","template":"","meta":{"_et_pb_use_builder":"on","_et_pb_old_content":"","_et_gb_content_width":"","footnotes":""},"class_list":["post-28","page","type-page","status-publish","hentry"],"_links":{"self":[{"href":"https:\/\/heliosinnovations.se\/de\/wp-json\/wp\/v2\/pages\/28","targetHints":{"allow":["GET"]}}],"collection":[{"href":"https:\/\/heliosinnovations.se\/de\/wp-json\/wp\/v2\/pages"}],"about":[{"href":"https:\/\/heliosinnovations.se\/de\/wp-json\/wp\/v2\/types\/page"}],"author":[{"embeddable":true,"href":"https:\/\/heliosinnovations.se\/de\/wp-json\/wp\/v2\/users\/1"}],"replies":[{"embeddable":true,"href":"https:\/\/heliosinnovations.se\/de\/wp-json\/wp\/v2\/comments?post=28"}],"version-history":[{"count":0,"href":"https:\/\/heliosinnovations.se\/de\/wp-json\/wp\/v2\/pages\/28\/revisions"}],"wp:attachment":[{"href":"https:\/\/heliosinnovations.se\/de\/wp-json\/wp\/v2\/media?parent=28"}],"curies":[{"name":"wp","href":"https:\/\/api.w.org\/{rel}","templated":true}]}}