{"id":26774,"date":"2025-11-03T11:53:00","date_gmt":"2025-11-03T10:53:00","guid":{"rendered":"https:\/\/heliosinnovations.se\/?page_id=26774"},"modified":"2025-11-03T11:53:00","modified_gmt":"2025-11-03T10:53:00","slug":"sysav-malmo-tess","status":"publish","type":"page","link":"https:\/\/heliosinnovations.se\/de\/vara-kunder\/sysav-malmo-tess\/","title":{"rendered":"SYSAV Malm\u00f6 &#8211; TESS"},"content":{"rendered":"<p>[et_pb_section fb_built=&#8221;1&#8243; fullwidth=&#8221;on&#8221; admin_label=&#8221;Hero Section&#8221; _builder_version=&#8221;4.27.4&#8243; custom_margin=&#8221;|||-40px|false|false&#8221; global_colors_info=&#8221;{}&#8221;][et_pb_fullwidth_header title=&#8221;Case Study&#8221; subhead=&#8221;tess &#8211; sysav malm\u00f6&#8221; background_overlay_color=&#8221;rgba(0,0,0,0.8)&#8221; content_max_width=&#8221;550px&#8221; admin_label=&#8221;Sidhuvud &#8211; helbredd&#8221; _builder_version=&#8221;4.27.4&#8243; title_font=&#8221;Arial|700||on|||||&#8221; title_text_color=&#8221;#75C1F4&#8243; title_font_size=&#8221;14px&#8221; title_letter_spacing=&#8221;2px&#8221; title_line_height=&#8221;1.4em&#8221; content_font=&#8221;Arial||||||||&#8221; content_letter_spacing=&#8221;1px&#8221; content_line_height=&#8221;2em&#8221; subhead_font=&#8221;Arial|700||on|||||&#8221; subhead_font_size=&#8221;48px&#8221; subhead_letter_spacing=&#8221;3px&#8221; subhead_line_height=&#8221;1.4em&#8221; background_color=&#8221;rgba(255, 255, 255, 0)&#8221; background_image=&#8221;https:\/\/heliosinnovations.se\/wp-content\/uploads\/2024\/06\/IDA-Halmstad-scaled.jpg&#8221; parallax=&#8221;on&#8221; parallax_method=&#8221;on&#8221; custom_button_one=&#8221;on&#8221; button_one_border_width=&#8221;1px&#8221; button_one_border_color=&#8221;rgba(255,255,255,0.3)&#8221; button_one_border_radius=&#8221;0px&#8221; button_one_letter_spacing=&#8221;1px&#8221; button_one_font=&#8221;Saira Extra Condensed|600||on|||||&#8221; button_one_icon=&#8221;&#x24;||divi||400&#8243; button_one_icon_color=&#8221;#edbb5f&#8221; custom_button_two=&#8221;on&#8221; button_two_border_width=&#8221;1px&#8221; button_two_border_color=&#8221;rgba(255,255,255,0.3)&#8221; button_two_border_radius=&#8221;0px&#8221; button_two_letter_spacing=&#8221;1px&#8221; button_two_font=&#8221;Saira Extra Condensed|600||on|||||&#8221; button_two_icon=&#8221;&#x24;||divi||400&#8243; button_two_icon_color=&#8221;#edbb5f&#8221; module_alignment=&#8221;right&#8221; min_height=&#8221;285.3px&#8221; custom_margin=&#8221;|||&#8221; custom_padding=&#8221;8%||8%|&#8221; subhead_font_size_tablet=&#8221;48px&#8221; subhead_font_size_phone=&#8221;35px&#8221; subhead_font_size_last_edited=&#8221;on|phone&#8221; border_radii_image=&#8221;off||||&#8221; button_one_text_color_hover=&#8221;#edbb5f&#8221; button_two_text_color_hover=&#8221;#edbb5f&#8221; button_one_bg_color_hover=&#8221;rgba(0,0,0,0)&#8221; button_two_bg_color_hover=&#8221;rgba(0,0,0,0)&#8221; global_colors_info=&#8221;{}&#8221; button_one_text_size__hover_enabled=&#8221;off&#8221; button_two_text_size__hover_enabled=&#8221;off&#8221; button_one_text_color__hover_enabled=&#8221;on&#8221; button_one_text_color__hover=&#8221;#edbb5f&#8221; button_two_text_color__hover_enabled=&#8221;on&#8221; button_two_text_color__hover=&#8221;#edbb5f&#8221; button_one_border_width__hover_enabled=&#8221;off&#8221; button_two_border_width__hover_enabled=&#8221;off&#8221; button_one_border_color__hover_enabled=&#8221;off&#8221; button_two_border_color__hover_enabled=&#8221;off&#8221; button_one_border_radius__hover_enabled=&#8221;off&#8221; button_two_border_radius__hover_enabled=&#8221;off&#8221; button_one_letter_spacing__hover_enabled=&#8221;off&#8221; button_two_letter_spacing__hover_enabled=&#8221;off&#8221; button_one_bg_color__hover_enabled=&#8221;on&#8221; button_one_bg_color__hover=&#8221;rgba(0,0,0,0)&#8221; button_two_bg_color__hover_enabled=&#8221;on&#8221; button_two_bg_color__hover=&#8221;rgba(0,0,0,0)&#8221;][\/et_pb_fullwidth_header][\/et_pb_section][et_pb_section fb_built=&#8221;1&#8243; admin_label=&#8221;Introduction&#8221; _builder_version=&#8221;4.16&#8243; custom_margin=&#8221;|||&#8221; custom_padding=&#8221;100px|0px|100px|0px&#8221; global_colors_info=&#8221;{}&#8221;][et_pb_row column_structure=&#8221;1_2,1_2&#8243; use_custom_gutter=&#8221;on&#8221; gutter_width=&#8221;4&#8243; _builder_version=&#8221;4.27.0&#8243; animation_style=&#8221;fade&#8221; global_colors_info=&#8221;{}&#8221;][et_pb_column type=&#8221;1_2&#8243; _builder_version=&#8221;4.16&#8243; custom_padding=&#8221;|||&#8221; global_colors_info=&#8221;{}&#8221; custom_padding__hover=&#8221;|||&#8221;][et_pb_text _builder_version=&#8221;4.27.4&#8243; text_font=&#8221;||||||||&#8221; text_font_size=&#8221;17px&#8221; header_font=&#8221;||||||||&#8221; header_2_font=&#8221;Arial|700|||||||&#8221; header_2_font_size=&#8221;38px&#8221; header_2_letter_spacing=&#8221;1px&#8221; header_2_line_height=&#8221;1.4em&#8221; header_3_font=&#8221;Arial|700||on|||||&#8221; header_3_text_color=&#8221;#5EB4ED&#8221; header_3_font_size=&#8221;14px&#8221; header_3_letter_spacing=&#8221;1px&#8221; header_3_line_height=&#8221;2em&#8221; global_colors_info=&#8221;{}&#8221;]<\/p>\n<h3>Intro<\/h3>\n<h2><span style=\"font-size: x-large;\"><span data-contrast=\"auto\" xml:lang=\"SV-SE\" lang=\"SV-SE\" class=\"TextRun SCXW247675635 BCX8\"><span class=\"NormalTextRun SCXW247675635 BCX8\">Pilotprojekt<\/span><span class=\"NormalTextRun SCXW247675635 BCX8\"> f\u00f6r <\/span><span class=\"NormalTextRun SCXW247675635 BCX8\">rening<\/span><span class=\"NormalTextRun SCXW247675635 BCX8\"> av <\/span><span class=\"NormalTextRun SCXW247675635 BCX8\">flytande<\/span><span class=\"NormalTextRun SCXW247675635 BCX8\"> <\/span><span class=\"NormalTextRun SCXW247675635 BCX8\">farligt<\/span><span class=\"NormalTextRun SCXW247675635 BCX8\"> <\/span><span class=\"NormalTextRun SCXW247675635 BCX8\">avfall<\/span><\/span><span class=\"EOP SCXW247675635 BCX8\" data-ccp-props=\"{}\">\u00a0<\/span><\/span><\/h2>\n<p>[\/et_pb_text][et_pb_divider color=&#8221;#5EB4ED&#8221; divider_weight=&#8221;2px&#8221; _builder_version=&#8221;4.27.0&#8243; max_width=&#8221;60px&#8221; module_alignment=&#8221;left&#8221; height=&#8221;2px&#8221; global_colors_info=&#8221;{}&#8221;][\/et_pb_divider][et_pb_text _builder_version=&#8221;4.27.4&#8243; text_font=&#8221;Arial||||||||&#8221; text_letter_spacing=&#8221;1px&#8221; text_line_height=&#8221;2em&#8221; max_width=&#8221;550px&#8221; global_colors_info=&#8221;{}&#8221;]<\/p>\n<p><span data-contrast=\"auto\" xml:lang=\"SV-SE\" lang=\"SV-SE\" class=\"TextRun SCXW12976003 BCX8\"><span class=\"NormalTextRun SCXW12976003 BCX8\">Under 2022 <\/span><span class=\"NormalTextRun SCXW12976003 BCX8\">genomf\u00f6rde SYSAV i Malm\u00f6 tillsammans med Helios Innovations ett tidigt utvecklingsprojekt f\u00f6r att testa och vidareutveckla Helios teknik. Projektet syftade till att utv\u00e4rdera hur olika typer av flytande farligt avfall kunde renas, samt samla erfarenheter f\u00f6r att f\u00f6rb\u00e4<\/span><span class=\"NormalTextRun SCXW12976003 BCX8\">ttra och skala upp tekniken.<\/span><\/span><span class=\"EOP SCXW12976003 BCX8\" data-ccp-props=\"{}\">\u00a0<\/span><\/p>\n<p>[\/et_pb_text][\/et_pb_column][et_pb_column type=&#8221;1_2&#8243; _builder_version=&#8221;4.16&#8243; custom_padding=&#8221;|||&#8221; global_colors_info=&#8221;{}&#8221; custom_padding__hover=&#8221;|||&#8221;][et_pb_image src=&#8221;https:\/\/heliosinnovations.se\/wp-content\/uploads\/2024\/06\/TESS-Sysav.jpg&#8221; title_text=&#8221;TESS Sysav&#8221; align_tablet=&#8221;center&#8221; align_phone=&#8221;center&#8221; align_last_edited=&#8221;on|desktop&#8221; _builder_version=&#8221;4.27.4&#8243; custom_margin=&#8221;74px||||false|false&#8221; animation_style=&#8221;fade&#8221; global_colors_info=&#8221;{}&#8221;][\/et_pb_image][\/et_pb_column][\/et_pb_row][\/et_pb_section][et_pb_section fb_built=&#8221;1&#8243; admin_label=&#8221;Problem and Solution&#8221; _builder_version=&#8221;4.16&#8243; background_color=&#8221;#282828&#8243; custom_margin=&#8221;||-79px|||&#8221; custom_padding=&#8221;24px|0px|171px|0px||&#8221; global_colors_info=&#8221;{}&#8221;][et_pb_row use_custom_gutter=&#8221;on&#8221; gutter_width=&#8221;4&#8243; _builder_version=&#8221;4.16&#8243; min_height=&#8221;81.5px&#8221; custom_margin=&#8221;-16px|auto||auto||&#8221; custom_padding=&#8221;||28px|||&#8221; animation_style=&#8221;fade&#8221; locked=&#8221;off&#8221; global_colors_info=&#8221;{}&#8221;][et_pb_column type=&#8221;4_4&#8243; _builder_version=&#8221;4.16&#8243; custom_padding=&#8221;|||&#8221; global_colors_info=&#8221;{}&#8221; custom_padding__hover=&#8221;|||&#8221;][et_pb_text _builder_version=&#8221;4.27.0&#8243; text_font=&#8221;||||||||&#8221; header_font=&#8221;||||||||&#8221; header_2_font=&#8221;Arial|700|||||||&#8221; header_2_font_size=&#8221;38px&#8221; header_2_letter_spacing=&#8221;1px&#8221; header_2_line_height=&#8221;1.4em&#8221; header_3_font=&#8221;Arial|700||on|||||&#8221; header_3_text_color=&#8221;#5EB4ED&#8221; header_3_font_size=&#8221;14px&#8221; header_3_letter_spacing=&#8221;1px&#8221; header_3_line_height=&#8221;2em&#8221; text_orientation=&#8221;center&#8221; background_layout=&#8221;dark&#8221; max_width=&#8221;700px&#8221; module_alignment=&#8221;center&#8221; custom_margin=&#8221;||12px|||&#8221; global_colors_info=&#8221;{}&#8221;]<\/p>\n<h3>Faktaruta<\/h3>\n<p>[\/et_pb_text][et_pb_divider color=&#8221;#5EB4ED&#8221; divider_weight=&#8221;2px&#8221; _builder_version=&#8221;4.27.0&#8243; max_width=&#8221;60px&#8221; module_alignment=&#8221;center&#8221; height=&#8221;0px&#8221; global_colors_info=&#8221;{}&#8221;][\/et_pb_divider][\/et_pb_column][\/et_pb_row][et_pb_row column_structure=&#8221;1_2,1_2&#8243; _builder_version=&#8221;4.16&#8243; min_height=&#8221;347.4px&#8221; custom_margin=&#8221;2%|||&#8221; custom_padding=&#8221;|||&#8221; global_colors_info=&#8221;{}&#8221;][et_pb_column type=&#8221;1_2&#8243; _builder_version=&#8221;4.16&#8243; custom_padding=&#8221;|||&#8221; global_colors_info=&#8221;{}&#8221; custom_padding__hover=&#8221;|||&#8221;][et_pb_text _builder_version=&#8221;4.27.4&#8243; text_font=&#8221;Arial||||||||&#8221; text_letter_spacing=&#8221;1px&#8221; text_line_height=&#8221;2em&#8221; header_font=&#8221;||||||||&#8221; header_2_font=&#8221;||||||||&#8221; header_3_font=&#8221;|700||on|||||&#8221; header_3_text_color=&#8221;#5EB4ED&#8221; header_3_font_size=&#8221;28px&#8221; header_3_letter_spacing=&#8221;1px&#8221; header_3_line_height=&#8221;1.4em&#8221; background_layout=&#8221;dark&#8221; max_width=&#8221;550px&#8221; global_colors_info=&#8221;{}&#8221;]<\/p>\n<h3>Utmaning<\/h3>\n<p><span data-contrast=\"auto\" xml:lang=\"SV-SE\" lang=\"SV-SE\" class=\"TextRun SCXW10413290 BCX8\"><span class=\"NormalTextRun SCXW10413290 BCX8\">I b\u00f6rjan av Helios utvecklingsresa beh\u00f6vdes praktiska tester f\u00f6r att f\u00f6rst\u00e5 vilka avfallsfraktioner som kunde hanteras med den nya tekniken och f\u00f6r att identifiera kritiska utmaningar i utrustning och drift. M\u00e5let var att utveckla kunskap om kemiska sammans\u00e4ttn<\/span><span class=\"NormalTextRun SCXW10413290 BCX8\">ingar och beteenden under behandling samt f\u00e5 underlag f\u00f6r framtida, stabila och kommersiella installationer.<\/span><\/span><span class=\"EOP SCXW10413290 BCX8\" data-ccp-props=\"{}\">\u00a0<\/span><\/p>\n<p>[\/et_pb_text][\/et_pb_column][et_pb_column type=&#8221;1_2&#8243; _builder_version=&#8221;4.16&#8243; custom_padding=&#8221;|||&#8221; global_colors_info=&#8221;{}&#8221; custom_padding__hover=&#8221;|||&#8221;][et_pb_text _builder_version=&#8221;4.27.4&#8243; text_font=&#8221;Arial||||||||&#8221; text_letter_spacing=&#8221;1px&#8221; text_line_height=&#8221;2em&#8221; header_font=&#8221;||||||||&#8221; header_2_font=&#8221;||||||||&#8221; header_3_font=&#8221;|700||on|||||&#8221; header_3_text_color=&#8221;#5EB4ED&#8221; header_3_font_size=&#8221;28px&#8221; header_3_letter_spacing=&#8221;1px&#8221; header_3_line_height=&#8221;1.4em&#8221; background_layout=&#8221;dark&#8221; max_width=&#8221;550px&#8221; global_colors_info=&#8221;{}&#8221;]<\/p>\n<h3>L\u00f6sning<\/h3>\n<p><span data-contrast=\"auto\" xml:lang=\"SV-SE\" lang=\"SV-SE\" class=\"TextRun SCXW257819114 BCX8\"><span class=\"NormalTextRun SCXW257819114 BCX8\">Sm\u00e5skaliga tester och pilotf\u00f6rs\u00f6k utf\u00f6rdes under 2022, med avslut i b\u00f6rjan av 2023. Helios fick m\u00f6jlighet att p\u00e5 plats testa olika typer av avfall f\u00f6r att samla <\/span><span class=\"NormalTextRun ContextualSpellingAndGrammarErrorV2Themed SCXW257819114 BCX8\">kemisk data<\/span><span class=\"NormalTextRun SCXW257819114 BCX8\">, identifiera tekniska f\u00f6rb\u00e4ttr<\/span><span class=\"NormalTextRun SCXW257819114 BCX8\">ingsbehov<\/span><span class=\"NormalTextRun SCXW257819114 BCX8\"> samt utv\u00e4rdera en ny design. Projektet bidrog till v\u00e4rdefull kunskap om b\u00e5de utrustning och avfallsfl\u00f6den, och var en viktig grund f\u00f6r <\/span><span class=\"NormalTextRun SCXW257819114 BCX8\">Helios Innovations f\u00f6rsta<\/span><span class=\"NormalTextRun SCXW257819114 BCX8\"> anl\u00e4ggningar som senare byggdes i Halmstad p\u00e5 Stena Recycling 2023.<\/span><\/span><span class=\"EOP SCXW257819114 BCX8\" data-ccp-props=\"{}\">\u00a0<\/span><\/p>\n<p>[\/et_pb_text][\/et_pb_column][\/et_pb_row][\/et_pb_section][et_pb_section fb_built=&#8221;1&#8243; admin_label=&#8221;Quote&#8221; _builder_version=&#8221;4.27.4&#8243; background_position=&#8221;top_right&#8221; min_height=&#8221;186px&#8221; custom_margin=&#8221;|||&#8221; custom_padding=&#8221;8px|0px|8px|0px|true|false&#8221; global_colors_info=&#8221;{}&#8221;][\/et_pb_section][et_pb_section fb_built=&#8221;1&#8243; admin_label=&#8221;Problem and Solution&#8221; _builder_version=&#8221;4.16&#8243; background_color=&#8221;#282828&#8243; min_height=&#8221;433.1px&#8221; custom_margin=&#8221;-39px|||||&#8221; custom_padding=&#8221;7px|0px|42px|0px||&#8221; global_colors_info=&#8221;{}&#8221;][et_pb_row column_structure=&#8221;1_2,1_2&#8243; _builder_version=&#8221;4.16&#8243; min_height=&#8221;399.4px&#8221; custom_margin=&#8221;2%|||&#8221; custom_padding=&#8221;|||&#8221; global_colors_info=&#8221;{}&#8221;][et_pb_column type=&#8221;1_2&#8243; _builder_version=&#8221;4.16&#8243; custom_padding=&#8221;|||&#8221; global_colors_info=&#8221;{}&#8221; custom_padding__hover=&#8221;|||&#8221;][et_pb_text _builder_version=&#8221;4.27.4&#8243; text_font=&#8221;Arial||||||||&#8221; text_letter_spacing=&#8221;1px&#8221; text_line_height=&#8221;2em&#8221; header_font=&#8221;||||||||&#8221; header_2_font=&#8221;||||||||&#8221; header_3_font=&#8221;|700||on|||||&#8221; header_3_text_color=&#8221;#5EB4ED&#8221; header_3_font_size=&#8221;28px&#8221; header_3_letter_spacing=&#8221;1px&#8221; header_3_line_height=&#8221;1.4em&#8221; background_layout=&#8221;dark&#8221; max_width=&#8221;550px&#8221; min_height=&#8221;348.2px&#8221; custom_padding=&#8221;||0px|||&#8221; global_colors_info=&#8221;{}&#8221;]<\/p>\n<h3>Resultat<\/h3>\n<p><span data-contrast=\"auto\">Kemisk f\u00f6rst\u00e5else: L\u00e4rdomar om vilka avfallsfraktioner som l\u00e4mpar sig b\u00e4st f\u00f6r Helios indunstning.<\/span><span data-ccp-props=\"{}\">\u00a0<\/span><\/p>\n<p><span data-contrast=\"auto\">F\u00f6rberedelse f\u00f6r kommersiella anl\u00e4ggningar: Identifiering av f\u00f6rb\u00e4ttringar som nu anv\u00e4nds i stabil drift.<\/span><span data-ccp-props=\"{}\">\u00a0<\/span><\/p>\n<p><span data-contrast=\"auto\">Samarbete och l\u00e4rdomar: SYSAV och Helios fick en gemensam erfarenhetsbas f\u00f6r framtida projekt.<\/span><span data-ccp-props=\"{}\">\u00a0<\/span><\/p>\n<p>[\/et_pb_text][\/et_pb_column][et_pb_column type=&#8221;1_2&#8243; _builder_version=&#8221;4.16&#8243; custom_padding=&#8221;|||&#8221; global_colors_info=&#8221;{}&#8221; custom_padding__hover=&#8221;|||&#8221;][et_pb_text _builder_version=&#8221;4.27.4&#8243; text_font=&#8221;Arial||||||||&#8221; text_letter_spacing=&#8221;1px&#8221; text_line_height=&#8221;2em&#8221; header_font=&#8221;||||||||&#8221; header_2_font=&#8221;||||||||&#8221; header_3_font=&#8221;|700||on|||||&#8221; header_3_text_color=&#8221;#5EB4ED&#8221; header_3_font_size=&#8221;28px&#8221; header_3_letter_spacing=&#8221;1px&#8221; header_3_line_height=&#8221;1.4em&#8221; background_layout=&#8221;dark&#8221; max_width=&#8221;550px&#8221; global_colors_info=&#8221;{}&#8221;]<\/p>\n<h3>framtid<\/h3>\n<p><span data-contrast=\"auto\" xml:lang=\"SV-SE\" lang=\"SV-SE\" class=\"TextRun SCXW33592123 BCX8\"><span class=\"NormalTextRun SCXW33592123 BCX8\">Pilotprojektet <\/span><span class=\"NormalTextRun SCXW33592123 BCX8\">bidrog <\/span><span class=\"NormalTextRun SCXW33592123 BCX8\">till <\/span><span class=\"NormalTextRun SCXW33592123 BCX8\">m\u00f6jligheter f\u00f6r att skapa en mer s\u00e4ker och effektiv vattenreningsprocess i framtida anl\u00e4ggningar.<\/span><\/span><span class=\"EOP SCXW33592123 BCX8\" data-ccp-props=\"{}\">\u00a0<\/span><\/p>\n<p>[\/et_pb_text][\/et_pb_column][\/et_pb_row][et_pb_row _builder_version=&#8221;4.27.0&#8243; _module_preset=&#8221;default&#8221; min_height=&#8221;28.3px&#8221; custom_margin=&#8221;-70px|auto|-70px|auto||&#8221; custom_padding=&#8221;0px||0px|||&#8221; global_colors_info=&#8221;{}&#8221;][et_pb_column type=&#8221;4_4&#8243; _builder_version=&#8221;4.27.0&#8243; _module_preset=&#8221;default&#8221; global_colors_info=&#8221;{}&#8221;][\/et_pb_column][\/et_pb_row][\/et_pb_section][et_pb_section fb_built=&#8221;1&#8243; admin_label=&#8221;Contact&#8221; _builder_version=&#8221;4.16&#8243; background_image=&#8221;https:\/\/heliosinnovations.se\/wp-content\/uploads\/2025\/04\/consutant-03.jpg&#8221; custom_margin=&#8221;|||&#8221; custom_padding=&#8221;0px|0px|0px|0px&#8221; box_shadow_style=&#8221;preset7&#8243; box_shadow_horizontal=&#8221;0px&#8221; box_shadow_vertical=&#8221;80px&#8221; box_shadow_color=&#8221;#ffffff&#8221; global_colors_info=&#8221;{}&#8221;][et_pb_row _builder_version=&#8221;4.27.0&#8243; _module_preset=&#8221;default&#8221; min_height=&#8221;172.3px&#8221; global_colors_info=&#8221;{}&#8221;][et_pb_column type=&#8221;4_4&#8243; _builder_version=&#8221;4.27.0&#8243; _module_preset=&#8221;default&#8221; global_colors_info=&#8221;{}&#8221;][\/et_pb_column][\/et_pb_row][\/et_pb_section]<\/p>\n","protected":false},"excerpt":{"rendered":"<p>Intro Pilotprojekt f\u00f6r rening av flytande farligt avfall\u00a0Under 2022 genomf\u00f6rde SYSAV i Malm\u00f6 tillsammans med Helios Innovations ett tidigt utvecklingsprojekt f\u00f6r att testa och vidareutveckla Helios teknik. Projektet syftade till att utv\u00e4rdera hur olika typer av flytande farligt avfall kunde renas, samt samla erfarenheter f\u00f6r att f\u00f6rb\u00e4ttra och skala upp tekniken.\u00a0FaktarutaUtmaning I b\u00f6rjan av Helios [&hellip;]<\/p>\n","protected":false},"author":8,"featured_media":0,"parent":26333,"menu_order":0,"comment_status":"closed","ping_status":"closed","template":"","meta":{"_et_pb_use_builder":"on","_et_pb_old_content":"","_et_gb_content_width":"","footnotes":""},"class_list":["post-26774","page","type-page","status-publish","hentry"],"_links":{"self":[{"href":"https:\/\/heliosinnovations.se\/de\/wp-json\/wp\/v2\/pages\/26774","targetHints":{"allow":["GET"]}}],"collection":[{"href":"https:\/\/heliosinnovations.se\/de\/wp-json\/wp\/v2\/pages"}],"about":[{"href":"https:\/\/heliosinnovations.se\/de\/wp-json\/wp\/v2\/types\/page"}],"author":[{"embeddable":true,"href":"https:\/\/heliosinnovations.se\/de\/wp-json\/wp\/v2\/users\/8"}],"replies":[{"embeddable":true,"href":"https:\/\/heliosinnovations.se\/de\/wp-json\/wp\/v2\/comments?post=26774"}],"version-history":[{"count":0,"href":"https:\/\/heliosinnovations.se\/de\/wp-json\/wp\/v2\/pages\/26774\/revisions"}],"up":[{"embeddable":true,"href":"https:\/\/heliosinnovations.se\/de\/wp-json\/wp\/v2\/pages\/26333"}],"wp:attachment":[{"href":"https:\/\/heliosinnovations.se\/de\/wp-json\/wp\/v2\/media?parent=26774"}],"curies":[{"name":"wp","href":"https:\/\/api.w.org\/{rel}","templated":true}]}}