{"id":26490,"date":"2025-01-02T12:58:38","date_gmt":"2025-01-02T11:58:38","guid":{"rendered":"https:\/\/heliosinnovations.se\/?page_id=26490"},"modified":"2025-05-30T16:01:50","modified_gmt":"2025-05-30T14:01:50","slug":"stena-recycling-halmstad-eva","status":"publish","type":"page","link":"https:\/\/heliosinnovations.se\/de\/vara-kunder\/stena-recycling-halmstad-eva\/","title":{"rendered":"Stena Recycling Halmstad &#8211; EVA"},"content":{"rendered":"<p>[et_pb_section fb_built=&#8221;1&#8243; admin_label=&#8221;Header&#8221; _builder_version=&#8221;4.27.0&#8243; _module_preset=&#8221;498f9eac-2645-4e76-b4ad-27ee7094a3ce&#8221; background_color=&#8221;gcid-fdca9e02-c24d-4e69-9434-5c333dc23d6f&#8221; background_color_gradient_stops=&#8221;gcid-d119accd-44d7-4f2f-b9d7-599c8463324b 0%|rgba(255,255,255,0) 25%|gcid-4c79ba3d-a281-4fb6-9b14-02f9a4c793f2 99%|gcid-4c79ba3d-a281-4fb6-9b14-02f9a4c793f2 100%&#8221; background_image=&#8221;https:\/\/heliosinnovations.se\/wp-content\/uploads\/2025\/01\/non-profit-03.jpg&#8221; custom_margin=&#8221;||-1px||false|false&#8221; locked=&#8221;off&#8221; collapsed=&#8221;on&#8221; global_colors_info=&#8221;{%22gcid-1f1bf5fb-a99d-4acc-8d9e-ddac074c158c%22:%91%22background_color_gradient_stops%22,%22background_color_gradient_stops%22%93,%22gcid-4c79ba3d-a281-4fb6-9b14-02f9a4c793f2%22:%91%22background_color_gradient_stops%22%93,%22gcid-688c464a-d6f2-4296-b592-395352c71c79%22:%91%22background_color_gradient_stops%22,%22background_color_gradient_stops%22%93,%22gcid-d119accd-44d7-4f2f-b9d7-599c8463324b%22:%91%22background_color_gradient_stops%22,%22background_color_gradient_stops%22%93,%22gcid-fdca9e02-c24d-4e69-9434-5c333dc23d6f%22:%91%22background_color%22%93,%22gcid-primary-color%22:%91%22background_color_gradient_stops%22%93}&#8221;][et_pb_row column_structure=&#8221;2_3,1_3&#8243; _builder_version=&#8221;4.27.0&#8243; _module_preset=&#8221;default&#8221; min_height=&#8221;490.2px&#8221; custom_padding=&#8221;||0px|||&#8221; global_colors_info=&#8221;{}&#8221;][et_pb_column type=&#8221;2_3&#8243; _builder_version=&#8221;4.25.1&#8243; _module_preset=&#8221;default&#8221; global_colors_info=&#8221;{}&#8221;][et_pb_heading title=&#8221;Stena Recycling Halmstad &#8211; EVA&#8221; _builder_version=&#8221;4.27.0&#8243; _module_preset=&#8221;0f450ca2-50a2-4484-942b-52f27e1e4c17&#8243; title_text_align=&#8221;left&#8221; title_font_size=&#8221;56px&#8221; width=&#8221;75%&#8221; custom_margin=&#8221;56px||10px||false|false&#8221; global_colors_info=&#8221;{}&#8221;][\/et_pb_heading][et_pb_text _builder_version=&#8221;4.25.2&#8243; _module_preset=&#8221;29978e7d-9f50-49d9-906e-f4fb29dfc0d6&#8243; custom_margin=&#8221;|221px||||&#8221; global_colors_info=&#8221;{}&#8221;]<\/p>\n<p>P\u00e5 Stena Recycling i Halmstad st\u00e5r en EVA och renar olika typer av processvatten fr\u00e5n flera typer av industrier.<\/p>\n<p>Installationen utf\u00f6rdes under sommaren 2023 och i b\u00f6rjan av 2024 uppn\u00e5dde EVA stabil drift. Detta \u00e4r Helios Innovations f\u00f6rsta st\u00f6rre anl\u00e4ggning och den anv\u00e4nds som utvecklings och demonstrationsanl\u00e4ggning f\u00f6r att visa upp och testa nya material och komponenter.\u00a0<\/p>\n<p>Anl\u00e4ggningen har en kapacitet kring 6000 m3\/\u00e5r, och drivs av restv\u00e4rme blandat med v\u00e4rme fr\u00e5n Stena Recyclings oljepanna. Till anl\u00e4ggningen tar Stena emot processvatten fr\u00e5n olika typer av industriella akt\u00f6rer, och fokus ligger p\u00e5 de typerna av vatten som \u00e4r f\u00f6r sv\u00e5ra f\u00f6r konventionell teknik eller har h\u00f6ga alternativkostnader.\u00a0<\/p>\n<p>&nbsp;<\/p>\n<p>[\/et_pb_text][\/et_pb_column][et_pb_column type=&#8221;1_3&#8243; _builder_version=&#8221;4.25.1&#8243; _module_preset=&#8221;default&#8221; global_colors_info=&#8221;{}&#8221;][et_pb_image src=&#8221;https:\/\/heliosinnovations.se\/wp-content\/uploads\/2024\/06\/EVA-Halmstad-scaled.jpg&#8221; title_text=&#8221;EVA Halmstad&#8221; _builder_version=&#8221;4.27.0&#8243; _module_preset=&#8221;70218db7-fe61-4a37-8d5c-77f5c5002cf2&#8243; custom_margin=&#8221;||31px|-236px||&#8221; custom_padding=&#8221;105px||1px|0px||&#8221; locked=&#8221;off&#8221; global_colors_info=&#8221;{}&#8221;][\/et_pb_image][\/et_pb_column][\/et_pb_row][et_pb_row column_structure=&#8221;1_2,1_2&#8243; _builder_version=&#8221;4.27.0&#8243; _module_preset=&#8221;default&#8221; custom_padding=&#8221;14px|||||&#8221; global_colors_info=&#8221;{}&#8221;][et_pb_column type=&#8221;1_2&#8243; _builder_version=&#8221;4.27.0&#8243; _module_preset=&#8221;default&#8221; global_colors_info=&#8221;{}&#8221;][et_pb_button button_text=&#8221;L\u00e4s mer om Stena Recycling h\u00e4r&#8221; _builder_version=&#8221;4.27.0&#8243; _module_preset=&#8221;default&#8221; hover_enabled=&#8221;0&#8243; global_colors_info=&#8221;{}&#8221; button_url=&#8221;https:\/\/www.stenarecycling.com\/sv\/&#8221; url_new_window=&#8221;on&#8221; sticky_enabled=&#8221;0&#8243;][\/et_pb_button][et_pb_image src=&#8221;https:\/\/humanitera.se\/wp-content\/uploads\/2021\/04\/Stena-recycling-logo-300&#215;300.png&#8221; _builder_version=&#8221;4.27.0&#8243; _module_preset=&#8221;default&#8221; width=&#8221;100%&#8221; max_width=&#8221;100%&#8221; module_alignment=&#8221;left&#8221; min_height=&#8221;100px&#8221; custom_margin=&#8221;-68px|-101px|15px|-102px|false|false&#8221; custom_padding=&#8221;0px|53px||53px||true&#8221; global_colors_info=&#8221;{}&#8221;][\/et_pb_image][\/et_pb_column][et_pb_column type=&#8221;1_2&#8243; _builder_version=&#8221;4.27.0&#8243; _module_preset=&#8221;default&#8221; global_colors_info=&#8221;{}&#8221;][\/et_pb_column][\/et_pb_row][\/et_pb_section][et_pb_section fb_built=&#8221;1&#8243; admin_label=&#8221;Programs&#8221; _builder_version=&#8221;4.25.1&#8243; _module_preset=&#8221;972e4e5d-7575-4a05-aad7-5df824372197&#8243; locked=&#8221;off&#8221; collapsed=&#8221;on&#8221; global_colors_info=&#8221;{}&#8221;][et_pb_row _builder_version=&#8221;4.25.1&#8243; _module_preset=&#8221;default&#8221; global_colors_info=&#8221;{}&#8221;][et_pb_column type=&#8221;4_4&#8243; _builder_version=&#8221;4.25.1&#8243; _module_preset=&#8221;default&#8221; global_colors_info=&#8221;{}&#8221;][et_pb_heading title=&#8221;Forts\u00e4tt l\u00e4sa&#8221; _builder_version=&#8221;4.27.0&#8243; _module_preset=&#8221;a57cb47d-aeeb-4531-82c3-a1055e04fdb1&#8243; title_text_color=&#8221;gcid-1f1b4e15-7cc6-4e13-8154-74d77a956460&#8243; custom_margin=&#8221;||0px||false|false&#8221; global_colors_info=&#8221;{%22gcid-1f1b4e15-7cc6-4e13-8154-74d77a956460%22:%91%22title_text_color%22%93}&#8221;][\/et_pb_heading][et_pb_heading title=&#8221;V\u00e5ra kunder&#8221; _builder_version=&#8221;4.25.2&#8243; _module_preset=&#8221;1c924e43-f6d8-455d-bc8e-a7479251aa4c&#8221; global_colors_info=&#8221;{}&#8221;][\/et_pb_heading][\/et_pb_column][\/et_pb_row][et_pb_row column_structure=&#8221;1_3,1_3,1_3&#8243; _builder_version=&#8221;4.25.1&#8243; _module_preset=&#8221;default&#8221; global_colors_info=&#8221;{}&#8221;][et_pb_column type=&#8221;1_3&#8243; _builder_version=&#8221;4.25.1&#8243; _module_preset=&#8221;default&#8221; global_colors_info=&#8221;{}&#8221;][et_pb_image src=&#8221;https:\/\/heliosinnovations.se\/wp-content\/uploads\/2024\/06\/IDA-Halmstad-scaled.jpg&#8221; title_text=&#8221;IDA Halmstad&#8221; _builder_version=&#8221;4.27.0&#8243; _module_preset=&#8221;70218db7-fe61-4a37-8d5c-77f5c5002cf2&#8243; custom_margin=&#8221;||||false|false&#8221; global_colors_info=&#8221;{}&#8221;][\/et_pb_image][et_pb_heading title=&#8221;Stena Recycling Halmstad &#8211; IDA&#8221; _builder_version=&#8221;4.25.2&#8243; _module_preset=&#8221;ca907cbb-6b68-400d-8d6a-107e29cfc510&#8243; custom_margin=&#8221;||0px||false|false&#8221; global_colors_info=&#8221;{}&#8221;][\/et_pb_heading][et_pb_text _builder_version=&#8221;4.27.0&#8243; _module_preset=&#8221;29978e7d-9f50-49d9-906e-f4fb29dfc0d6&#8243; custom_margin=&#8221;||10px||false|false&#8221; global_colors_info=&#8221;{}&#8221;]<\/p>\n<h6>Revolutionerande koncentrering av brandskum i Halmstad.<\/h6>\n<p>[\/et_pb_text][et_pb_heading _builder_version=&#8221;4.27.0&#8243; _module_preset=&#8221;a57cb47d-aeeb-4531-82c3-a1055e04fdb1&#8243; title_text_color=&#8221;gcid-1f1b4e15-7cc6-4e13-8154-74d77a956460&#8243; global_colors_info=&#8221;{%22gcid-1f1b4e15-7cc6-4e13-8154-74d77a956460%22:%91%22title_text_color%22%93}&#8221;][\/et_pb_heading][et_pb_button button_url=&#8221;https:\/\/heliosinnovations.se\/galleri\/26518-2\/&#8221; button_text=&#8221;L\u00e4s mer&#8221; _builder_version=&#8221;4.27.0&#8243; _module_preset=&#8221;c112900b-2062-41bc-b95d-779d4f07e9a0&#8243; global_colors_info=&#8221;{}&#8221;][\/et_pb_button][\/et_pb_column][et_pb_column type=&#8221;1_3&#8243; _builder_version=&#8221;4.25.1&#8243; _module_preset=&#8221;default&#8221; global_colors_info=&#8221;{}&#8221;][et_pb_image src=&#8221;https:\/\/heliosinnovations.se\/wp-content\/uploads\/2024\/06\/TESS-Recolab-e1735823933569.jpeg&#8221; title_text=&#8221;TESS Recolab&#8221; _builder_version=&#8221;4.27.0&#8243; _module_preset=&#8221;70218db7-fe61-4a37-8d5c-77f5c5002cf2&#8243; width=&#8221;95%&#8221; min_height=&#8221;241.1px&#8221; custom_margin=&#8221;||||false|false&#8221; custom_padding=&#8221;||0px|||&#8221; global_colors_info=&#8221;{}&#8221;][\/et_pb_image][et_pb_heading title=&#8221;Recolab Helsingborg &#8211; TESS&#8221; _builder_version=&#8221;4.27.0&#8243; _module_preset=&#8221;ca907cbb-6b68-400d-8d6a-107e29cfc510&#8243; custom_margin=&#8221;||0px||false|false&#8221; global_colors_info=&#8221;{}&#8221;][\/et_pb_heading][et_pb_text _builder_version=&#8221;4.27.0&#8243; _module_preset=&#8221;29978e7d-9f50-49d9-906e-f4fb29dfc0d6&#8243; custom_margin=&#8221;||10px||false|false&#8221; global_colors_info=&#8221;{}&#8221;]<\/p>\n<h6>Under 2023 gjordes ett utvecklingsprojekt tillsammans med en Doktorand fr\u00e5n Lule\u00e5 Tekniska Universitet f\u00f6r att se hur Helios teknik kunde anv\u00e4ndas f\u00f6r att avvattna r\u00f6tkammareffluent till ett n\u00e4ringsrikt g\u00f6dsel.<\/h6>\n<p>[\/et_pb_text][et_pb_heading _builder_version=&#8221;4.25.2&#8243; _module_preset=&#8221;a57cb47d-aeeb-4531-82c3-a1055e04fdb1&#8243; title_text_color=&#8221;gcid-1f1b4e15-7cc6-4e13-8154-74d77a956460&#8243; locked=&#8221;off&#8221; global_colors_info=&#8221;{%22gcid-1f1b4e15-7cc6-4e13-8154-74d77a956460%22:%91%22title_text_color%22%93}&#8221;][\/et_pb_heading][et_pb_button button_text=&#8221;L\u00e4s mer&#8221; _builder_version=&#8221;4.27.0&#8243; _module_preset=&#8221;c112900b-2062-41bc-b95d-779d4f07e9a0&#8243; global_colors_info=&#8221;{}&#8221;][\/et_pb_button][\/et_pb_column][et_pb_column type=&#8221;1_3&#8243; _builder_version=&#8221;4.25.1&#8243; _module_preset=&#8221;default&#8221; global_colors_info=&#8221;{}&#8221;][et_pb_image src=&#8221;https:\/\/heliosinnovations.se\/wp-content\/uploads\/2024\/06\/TESS-Sysav.jpg&#8221; title_text=&#8221;TESS Sysav&#8221; _builder_version=&#8221;4.27.0&#8243; _module_preset=&#8221;70218db7-fe61-4a37-8d5c-77f5c5002cf2&#8243; custom_margin=&#8221;||28px|-19px|false|false&#8221; custom_padding=&#8221;|50px||0px||&#8221; global_colors_info=&#8221;{}&#8221;][\/et_pb_image][et_pb_heading title=&#8221;SYSAV Malm\u00f6 &#8211; TESS&#8221; _builder_version=&#8221;4.27.0&#8243; _module_preset=&#8221;ca907cbb-6b68-400d-8d6a-107e29cfc510&#8243; custom_margin=&#8221;||0px||false|false&#8221; custom_padding=&#8221;0px|||||&#8221; global_colors_info=&#8221;{}&#8221;][\/et_pb_heading][et_pb_text _builder_version=&#8221;4.27.0&#8243; _module_preset=&#8221;29978e7d-9f50-49d9-906e-f4fb29dfc0d6&#8243; custom_margin=&#8221;||10px||false|false&#8221; global_colors_info=&#8221;{}&#8221;]<\/p>\n<div class=\"et_pb_slide_content\">\n<h6>Under 2022 gjordes ett utvecklingsprojekt hos SYSAV f\u00f6r att se hur deras mottagna flytande farliga avfall kunde renas via Helios teknik.<\/h6>\n<\/div>\n<p>[\/et_pb_text][et_pb_heading _builder_version=&#8221;4.27.0&#8243; _module_preset=&#8221;a57cb47d-aeeb-4531-82c3-a1055e04fdb1&#8243; title_text_color=&#8221;gcid-1f1b4e15-7cc6-4e13-8154-74d77a956460&#8243; locked=&#8221;off&#8221; global_colors_info=&#8221;{%22gcid-1f1b4e15-7cc6-4e13-8154-74d77a956460%22:%91%22title_text_color%22%93}&#8221;][\/et_pb_heading][et_pb_button button_text=&#8221;L\u00e4s mer&#8221; _builder_version=&#8221;4.27.0&#8243; _module_preset=&#8221;c112900b-2062-41bc-b95d-779d4f07e9a0&#8243; global_colors_info=&#8221;{}&#8221;][\/et_pb_button][\/et_pb_column][\/et_pb_row][\/et_pb_section]<\/p>\n","protected":false},"excerpt":{"rendered":"<p>P\u00e5 Stena Recycling i Halmstad st\u00e5r en EVA och renar olika typer av processvatten fr\u00e5n flera typer av industrier. Installationen utf\u00f6rdes under sommaren 2023 och i b\u00f6rjan av 2024 uppn\u00e5dde EVA stabil drift. Detta \u00e4r Helios Innovations f\u00f6rsta st\u00f6rre anl\u00e4ggning och den anv\u00e4nds som utvecklings och demonstrationsanl\u00e4ggning f\u00f6r att visa upp och testa nya material [&hellip;]<\/p>\n","protected":false},"author":2,"featured_media":0,"parent":26333,"menu_order":0,"comment_status":"closed","ping_status":"closed","template":"","meta":{"_et_pb_use_builder":"on","_et_pb_old_content":"","_et_gb_content_width":"","footnotes":""},"class_list":["post-26490","page","type-page","status-publish","hentry"],"_links":{"self":[{"href":"https:\/\/heliosinnovations.se\/de\/wp-json\/wp\/v2\/pages\/26490","targetHints":{"allow":["GET"]}}],"collection":[{"href":"https:\/\/heliosinnovations.se\/de\/wp-json\/wp\/v2\/pages"}],"about":[{"href":"https:\/\/heliosinnovations.se\/de\/wp-json\/wp\/v2\/types\/page"}],"author":[{"embeddable":true,"href":"https:\/\/heliosinnovations.se\/de\/wp-json\/wp\/v2\/users\/2"}],"replies":[{"embeddable":true,"href":"https:\/\/heliosinnovations.se\/de\/wp-json\/wp\/v2\/comments?post=26490"}],"version-history":[{"count":0,"href":"https:\/\/heliosinnovations.se\/de\/wp-json\/wp\/v2\/pages\/26490\/revisions"}],"up":[{"embeddable":true,"href":"https:\/\/heliosinnovations.se\/de\/wp-json\/wp\/v2\/pages\/26333"}],"wp:attachment":[{"href":"https:\/\/heliosinnovations.se\/de\/wp-json\/wp\/v2\/media?parent=26490"}],"curies":[{"name":"wp","href":"https:\/\/api.w.org\/{rel}","templated":true}]}}