{"id":26333,"date":"2024-06-19T17:04:10","date_gmt":"2024-06-19T15:04:10","guid":{"rendered":"https:\/\/heliosinnovations.se\/?page_id=26333"},"modified":"2025-11-03T12:03:57","modified_gmt":"2025-11-03T11:03:57","slug":"vara-kunder","status":"publish","type":"page","link":"https:\/\/heliosinnovations.se\/de\/vara-kunder\/","title":{"rendered":"Unsere Kunden"},"content":{"rendered":"<p>[et_pb_section fb_built=&#8221;1&#8243; _builder_version=&#8221;4.27.0&#8243; _module_preset=&#8221;default&#8221; background_color=&#8221;#f7f7f7&#8243; global_colors_info=&#8221;{}&#8221;][et_pb_row _builder_version=&#8221;4.27.0&#8243; _module_preset=&#8221;default&#8221; global_colors_info=&#8221;{}&#8221;][et_pb_column type=&#8221;4_4&#8243; _builder_version=&#8221;4.23.1&#8243; _module_preset=&#8221;default&#8221; global_colors_info=&#8221;{}&#8221;][et_pb_divider show_divider=&#8221;off&#8221; _builder_version=&#8221;4.23.1&#8243; _module_preset=&#8221;default&#8221; min_height=&#8221;10.8px&#8221; custom_margin=&#8221;||-65px|||&#8221; custom_padding=&#8221;||94px|||&#8221; global_colors_info=&#8221;{}&#8221;][\/et_pb_divider][et_pb_text _builder_version=&#8221;4.27.0&#8243; _module_preset=&#8221;default&#8221; text_font_size=&#8221;81px&#8221; header_font_size=&#8221;53px&#8221; min_height=&#8221;0px&#8221; custom_padding=&#8221;0px||0px|71px||&#8221; global_colors_info=&#8221;{}&#8221;]<\/p>\n<h1>V\u00e5ra kunder<\/h1>\n<p>[\/et_pb_text][\/et_pb_column][\/et_pb_row][et_pb_row column_structure=&#8221;1_2,1_2&#8243; _builder_version=&#8221;4.27.0&#8243; _module_preset=&#8221;default&#8221; global_colors_info=&#8221;{}&#8221;][et_pb_column type=&#8221;1_2&#8243; _builder_version=&#8221;4.27.0&#8243; _module_preset=&#8221;default&#8221; global_colors_info=&#8221;{}&#8221;][et_pb_code _builder_version=&#8221;4.27.0&#8243; _module_preset=&#8221;default&#8221; hover_enabled=&#8221;0&#8243; global_colors_info=&#8221;{}&#8221; sticky_enabled=&#8221;0&#8243;]<div class=\"map_wrapper\" id=\"map_wrapper_26487\">\n<div class=\"map_box\" style=\"max-width:2000px\">\n<div class=\"map_aspect_ratio\" style=\"padding-top:100%\" data-padding-top=\"100%\" data-padding-top-mobile=\"0%\">\n<div class=\"map_container\">\n<div class=\"map_render map_loading\" id=\"map_26487\"><\/div>\n<\/div>\n<\/div>\n<\/div>\n<\/div>[\/et_pb_code][\/et_pb_column][et_pb_column type=&#8221;1_2&#8243; _builder_version=&#8221;4.27.0&#8243; _module_preset=&#8221;default&#8221; global_colors_info=&#8221;{}&#8221;][et_pb_slider use_bg_overlay=&#8221;off&#8221; arrows_custom_color=&#8221;#FFFFFF&#8221; dot_nav_custom_color=&#8221;#000000&#8243; _builder_version=&#8221;4.27.4&#8243; _module_preset=&#8221;default&#8221; header_text_color=&#8221;#000000&#8243; header_font_size=&#8221;23px&#8221; custom_button=&#8221;on&#8221; button_text_size=&#8221;20px&#8221; button_text_color=&#8221;#FFFFFF&#8221; button_bg_color=&#8221;gcid-secondary-color&#8221; button_border_color=&#8221;rgba(234,234,234,0)&#8221; button_border_radius=&#8221;13px&#8221; button_icon_color=&#8221;#FFFFFF&#8221; button_alignment=&#8221;center&#8221; custom_margin=&#8221;-16px||0px||false|false&#8221; custom_padding=&#8221;24px||61px||false|false&#8221; hover_enabled=&#8221;0&#8243; header_font_size_tablet=&#8221;23px&#8221; header_font_size_phone=&#8221;23px&#8221; header_font_size_last_edited=&#8221;on|phone&#8221; body_font_tablet=&#8221;&#8221; body_font_phone=&#8221;&#8221; body_font_last_edited=&#8221;on|phone&#8221; body_font_size_tablet=&#8221;&#8221; body_font_size_phone=&#8221;&#8221; body_font_size_last_edited=&#8221;on|phone&#8221; border_radii=&#8221;on|30px|30px|30px|30px&#8221; border_color_all=&#8221;RGBA(255,255,255,0)&#8221; border_radii_image=&#8221;on|30px|30px|30px|30px&#8221; border_width_all_image=&#8221;0px&#8221; border_style_all_image=&#8221;solid&#8221; border_radii_image_tablet=&#8221;on|30px|30px|30px|30px&#8221; border_radii_image_phone=&#8221;on|30px|30px|30px|30px&#8221; border_radii_image_last_edited=&#8221;on|phone&#8221; box_shadow_style_button=&#8221;preset3&#8243; global_colors_info=&#8221;{%22gcid-secondary-color%22:%91%22button_bg_color%22%93}&#8221; sticky_enabled=&#8221;0&#8243;][et_pb_slide heading=&#8221;Stena Recycling Halmstad &#8211; EVA&#8221; button_text=&#8221;L\u00e4s mer h\u00e4r&#8221; button_link=&#8221;https:\/\/heliosinnovations.se\/?page_id=26771&#038;preview=true&#8221; image=&#8221;https:\/\/heliosinnovations.se\/wp-content\/uploads\/2025\/01\/EVA-Halmstad-scaled-1.jpg&#8221; _builder_version=&#8221;4.27.4&#8243; _module_preset=&#8221;default&#8221; background_color=&#8221;RGBA(255,255,255,0)&#8221; background_enable_color=&#8221;on&#8221; background_layout=&#8221;light&#8221; global_colors_info=&#8221;{}&#8221; sticky_transition=&#8221;on&#8221;]<\/p>\n<p>P\u00e5 Stena Recycling i Halmstad st\u00e5r en EVA och renar olika typer av processvatten fr\u00e5n flera typer av industrier.<\/p>\n<p>[\/et_pb_slide][et_pb_slide heading=&#8221;Stena Recycling Halmstad &#8211; IDA&#8221; button_text=&#8221;L\u00e4s mer h\u00e4r&#8221; button_link=&#8221;https:\/\/heliosinnovations.se\/vara-kunder\/stena-recycling-halmstad-ida-ny\/&#8221; image=&#8221;https:\/\/heliosinnovations.se\/wp-content\/uploads\/2024\/06\/IDA-Halmstad-scaled.jpg&#8221; _builder_version=&#8221;4.27.4&#8243; _module_preset=&#8221;default&#8221; background_color=&#8221;RGBA(255,255,255,0)&#8221; background_enable_color=&#8221;on&#8221; background_layout=&#8221;light&#8221; hover_enabled=&#8221;0&#8243; global_colors_info=&#8221;{}&#8221; sticky_transition=&#8221;on&#8221; sticky_enabled=&#8221;0&#8243;]<\/p>\n<p>P\u00e5 Stena Recycling i Halmstad st\u00e5r en IDA som specifikt \u00e4r till f\u00f6r att rena fl\u00f6den med mycket h\u00f6ga halter PFAS, som brandskum eller sl\u00e4ckvatten.<\/p>\n<p>[\/et_pb_slide][et_pb_slide heading=&#8221;SYSAV Malm\u00f6 &#8211; TESS&#8221; button_text=&#8221;L\u00e4s mer h\u00e4r&#8221; button_link=&#8221;https:\/\/heliosinnovations.se\/?page_id=26774&#038;preview=true&#8221; image=&#8221;https:\/\/heliosinnovations.se\/wp-content\/uploads\/2024\/06\/TESS-Sysav.jpg&#8221; _builder_version=&#8221;4.27.4&#8243; _module_preset=&#8221;default&#8221; background_color=&#8221;RGBA(255,255,255,0)&#8221; background_enable_color=&#8221;on&#8221; background_layout=&#8221;light&#8221; global_colors_info=&#8221;{}&#8221; sticky_transition=&#8221;on&#8221;]<\/p>\n<p>Under 2022 gjordes ett utvecklingsprojekt hos SYSAV f\u00f6r att se hur deras mottagna flytande farliga avfall kunde renas via Helios teknik.<\/p>\n<p>[\/et_pb_slide][et_pb_slide heading=&#8221;Stena Recycling Skarvik &#8211; EVA&#8221; button_text=&#8221;L\u00e4s mer h\u00e4r&#8221; button_link=&#8221;https:\/\/heliosinnovations.se\/vara-kunder\/eva-skarvik\/&#8221; image=&#8221;https:\/\/heliosinnovations.se\/wp-content\/uploads\/2025\/05\/Media-1-e1761734806527.jpg&#8221; _builder_version=&#8221;4.27.4&#8243; _module_preset=&#8221;default&#8221; background_color=&#8221;RGBA(255,255,255,0)&#8221; background_enable_color=&#8221;on&#8221; background_layout=&#8221;light&#8221; global_colors_info=&#8221;{}&#8221; sticky_transition=&#8221;on&#8221;]<\/p>\n<p>I G\u00f6teborgs hamn \u00e4r en EVA placerad. Enheten ska under 2025 rena inneh\u00e5llet i en cistern i hamnomr\u00e5det. D\u00e4refter kommer anl\u00e4ggningen ta emot olika typer av f\u00f6rorenat vatten fr\u00e5n flera av Stenas kunder.<\/p>\n<p>[\/et_pb_slide][et_pb_slide heading=&#8221;Elcowire Helsingborg &#8211; CONTESS&#8221; button_text=&#8221;L\u00e4s mer h\u00e4r&#8221; button_link=&#8221;https:\/\/heliosinnovations.se\/vara-kunder\/2-elcowire-helsingborg-contess\/&#8221; image=&#8221;https:\/\/heliosinnovations.se\/wp-content\/uploads\/2025\/10\/20250912_130234-scaled-e1761919293658.jpg&#8221; _builder_version=&#8221;4.27.4&#8243; _module_preset=&#8221;default&#8221; background_color=&#8221;RGBA(255,255,255,0)&#8221; background_enable_color=&#8221;on&#8221; background_layout=&#8221;light&#8221; global_colors_info=&#8221;{}&#8221; sticky_transition=&#8221;on&#8221;]<\/p>\n<p>Elcowire i Helsingborg anv\u00e4nder CONTESS f\u00f6r att rena och \u00e5teranv\u00e4nda vatten fr\u00e5n metallhaltiga emulsioner.<\/p>\n<p>[\/et_pb_slide][et_pb_slide heading=&#8221;Fomtec Helsingborg &#8211; TESS&#8221; button_text=&#8221;L\u00e4s mer h\u00e4r&#8221; button_link=&#8221;https:\/\/heliosinnovations.se\/vara-kunder\/fomtec-helsingborg-tess\/&#8221; image=&#8221;https:\/\/heliosinnovations.se\/wp-content\/uploads\/2025\/09\/Untitled-design-5.png&#8221; _builder_version=&#8221;4.27.4&#8243; _module_preset=&#8221;default&#8221; background_color=&#8221;RGBA(255,255,255,0)&#8221; background_enable_color=&#8221;on&#8221; background_layout=&#8221;light&#8221; global_colors_info=&#8221;{}&#8221; sticky_transition=&#8221;on&#8221;]<\/p>\n<p>P\u00e5 Dafo Fomtec i Helsingborg st\u00e5r en TESS som renar tv\u00e4ttvatten fr\u00e5n brandskumsproduktion och m\u00f6jligg\u00f6r \u00e5teranv\u00e4ndning av renat vatten direkt i produktionen.<\/p>\n<p>[\/et_pb_slide][et_pb_slide heading=&#8221;Kenvue Helsingborg &#8211; CONTESS&#8221; button_text=&#8221;L\u00e4s mer h\u00e4r&#8221; button_link=&#8221;https:\/\/heliosinnovations.se\/vara-kunder\/kenvue-helsingborg-contess\/&#8221; image=&#8221;https:\/\/heliosinnovations.se\/wp-content\/uploads\/2025\/10\/kenvue-1.jpg&#8221; _builder_version=&#8221;4.27.4&#8243; _module_preset=&#8221;default&#8221; background_color=&#8221;RGBA(255,255,255,0)&#8221; background_enable_color=&#8221;on&#8221; background_layout=&#8221;light&#8221; global_colors_info=&#8221;{}&#8221; sticky_transition=&#8221;on&#8221;]<\/p>\n<p>P\u00e5 Kenvue i Helsingborg st\u00e5r en CONTESS som renar processvatten fr\u00e5n l\u00e4kemedelsproduktionen och omvandlar koncentratet till biogas f\u00f6r f\u00f6rnybar energi.<\/p>\n<p>[\/et_pb_slide][\/et_pb_slider][\/et_pb_column][\/et_pb_row][\/et_pb_section]<\/p>\n","protected":false},"excerpt":{"rendered":"<p>V\u00e5ra kunder<div class=\"map_wrapper\" id=\"map_wrapper_26487\">\n<div class=\"map_box\" style=\"max-width:2000px\">\n<div class=\"map_aspect_ratio\" style=\"padding-top:100%\" data-padding-top=\"100%\" data-padding-top-mobile=\"0%\">\n<div class=\"map_container\">\n<div class=\"map_render map_loading\" id=\"map_26487\"><\/div>\n<\/div>\n<\/div>\n<\/div>\n<\/div>P\u00e5 Stena Recycling i Halmstad st\u00e5r en EVA och renar olika typer av processvatten fr\u00e5n flera typer av industrier.P\u00e5 Stena Recycling i Halmstad st\u00e5r en IDA som specifikt \u00e4r till f\u00f6r att rena fl\u00f6den med mycket h\u00f6ga halter PFAS, som brandskum eller sl\u00e4ckvatten.Under 2022 gjordes ett utvecklingsprojekt hos SYSAV f\u00f6r att se hur [&hellip;]<\/p>\n","protected":false},"author":2,"featured_media":0,"parent":0,"menu_order":0,"comment_status":"closed","ping_status":"closed","template":"","meta":{"_et_pb_use_builder":"on","_et_pb_old_content":"","_et_gb_content_width":"","footnotes":""},"class_list":["post-26333","page","type-page","status-publish","hentry"],"_links":{"self":[{"href":"https:\/\/heliosinnovations.se\/de\/wp-json\/wp\/v2\/pages\/26333","targetHints":{"allow":["GET"]}}],"collection":[{"href":"https:\/\/heliosinnovations.se\/de\/wp-json\/wp\/v2\/pages"}],"about":[{"href":"https:\/\/heliosinnovations.se\/de\/wp-json\/wp\/v2\/types\/page"}],"author":[{"embeddable":true,"href":"https:\/\/heliosinnovations.se\/de\/wp-json\/wp\/v2\/users\/2"}],"replies":[{"embeddable":true,"href":"https:\/\/heliosinnovations.se\/de\/wp-json\/wp\/v2\/comments?post=26333"}],"version-history":[{"count":0,"href":"https:\/\/heliosinnovations.se\/de\/wp-json\/wp\/v2\/pages\/26333\/revisions"}],"wp:attachment":[{"href":"https:\/\/heliosinnovations.se\/de\/wp-json\/wp\/v2\/media?parent=26333"}],"curies":[{"name":"wp","href":"https:\/\/api.w.org\/{rel}","templated":true}]}}