{"id":26235,"date":"2024-06-19T11:42:57","date_gmt":"2024-06-19T09:42:57","guid":{"rendered":"https:\/\/heliosinnovations.se\/?page_id=26235"},"modified":"2025-11-05T11:13:44","modified_gmt":"2025-11-05T10:13:44","slug":"pfas-rening","status":"publish","type":"page","link":"https:\/\/heliosinnovations.se\/de\/vart-erbjudande\/pfas-rening\/","title":{"rendered":"PFAS-Behandlung"},"content":{"rendered":"<p>[et_pb_section fb_built=&#8221;1&#8243; _builder_version=&#8221;4.27.4&#8243; _module_preset=&#8221;default&#8221; background_enable_image=&#8221;off&#8221; background_position=&#8221;bottom_center&#8221; custom_margin=&#8221;-100px||||false|false&#8221; locked=&#8221;off&#8221; global_colors_info=&#8221;{}&#8221;][et_pb_row _builder_version=&#8221;4.19.0&#8243; _module_preset=&#8221;default&#8221; width=&#8221;90%&#8221; global_colors_info=&#8221;{}&#8221;][et_pb_column type=&#8221;4_4&#8243; _builder_version=&#8221;4.19.0&#8243; _module_preset=&#8221;default&#8221; global_colors_info=&#8221;{}&#8221;][et_pb_text _builder_version=&#8221;4.19.0&#8243; _module_preset=&#8221;default&#8221; header_text_color=&#8221;#FFFFFF&#8221; header_font_size=&#8221;50px&#8221; global_colors_info=&#8221;{}&#8221;]<\/p>\n<h1><\/h1>\n<p>[\/et_pb_text][\/et_pb_column][\/et_pb_row][\/et_pb_section][et_pb_section fb_built=&#8221;1&#8243; _builder_version=&#8221;4.19.0&#8243; _module_preset=&#8221;default&#8221; custom_padding=&#8221;||0px||false|false&#8221; locked=&#8221;off&#8221; global_colors_info=&#8221;{}&#8221;][et_pb_row admin_label=&#8221;Rad&#8221; _builder_version=&#8221;4.27.4&#8243; _module_preset=&#8221;default&#8221; width=&#8221;90%&#8221; global_colors_info=&#8221;{}&#8221;][et_pb_column type=&#8221;4_4&#8243; _builder_version=&#8221;4.19.0&#8243; _module_preset=&#8221;default&#8221; global_colors_info=&#8221;{}&#8221;][et_pb_text _builder_version=&#8221;4.27.4&#8243; _module_preset=&#8221;default&#8221; header_text_color=&#8221;#FFFFFF&#8221; header_font_size=&#8221;50px&#8221; global_colors_info=&#8221;{}&#8221;]<\/p>\n<h1><span style=\"color: #000000;\">PFAS-rening<\/span><\/h1>\n<p>[\/et_pb_text][\/et_pb_column][\/et_pb_row][et_pb_row column_structure=&#8221;1_2,1_2&#8243; _builder_version=&#8221;4.23.1&#8243; _module_preset=&#8221;default&#8221; width=&#8221;90%&#8221; custom_padding=&#8221;62px|||||&#8221; global_colors_info=&#8221;{}&#8221;][et_pb_column type=&#8221;1_2&#8243; _builder_version=&#8221;4.19.0&#8243; _module_preset=&#8221;default&#8221; global_colors_info=&#8221;{}&#8221;][et_pb_text _builder_version=&#8221;4.19.0&#8243; _module_preset=&#8221;default&#8221; text_font=&#8221;Raleway||||||||&#8221; text_text_color=&#8221;#232323&#8243; header_2_font=&#8221;||||||||&#8221; header_2_font_size=&#8221;30px&#8221; header_3_font=&#8221;||||||||&#8221; header_3_font_size=&#8221;30px&#8221; locked=&#8221;off&#8221; global_colors_info=&#8221;{}&#8221;]<\/p>\n<h3>PFAS-RENING MED HELIOS TEKNIK<\/h3>\n<h4><strong>Fr\u00e5n Laboratorietester till Industriell Skala<\/strong><\/h4>\n<p>V\u00e5r resa mot effektiv PFAS-rening b\u00f6rjade 2022 med omfattande laboratorietester. Under 2023 utvecklade vi v\u00e5r teknik f\u00f6r att effektivt rena PFAS, och i b\u00f6rjan av 2024 startade vi rening i industriell skala p\u00e5 v\u00e5r anl\u00e4ggning IDA i Halmstad, i samarbete med Stena Recycling.<\/p>\n<h4><strong>Avancerad Teknik f\u00f6r PFAS-Rening<\/strong><\/h4>\n<p>V\u00e5r teknik \u00e4r utformad f\u00f6r att rena b\u00e5de korta och l\u00e5nga PFAS-kedjor med h\u00f6g effektivitet. Vi har en medelreduktion p\u00e5 99,95% av PFAS34, vilket visar v\u00e5r kapacitet att hantera och minska PFAS-f\u00f6roreningar p\u00e5 ett betydande s\u00e4tt.\u00a0<\/p>\n<p>Till skillnad fr\u00e5n filterl\u00f6sningar kan ingenting i v\u00e5r teknik bli &#8221;m\u00e4ttat&#8221;, vilket g\u00f6r att reduktionsniv\u00e5n \u00e4r konstant genom reningscykeln och \u00f6ver tid. Restprodukten d\u00e4r all PFAS koncentreras skickas idag p\u00e5 h\u00f6gtemperaturf\u00f6rbr\u00e4nning, men vi arbetar f\u00f6r att hitta alternativa destruktionsmetoder.<\/p>\n<h4><strong>Mottagande av sl\u00e4ckvatten och brandskum<\/strong><\/h4>\n<p>F\u00f6rutom att erbjuda v\u00e5ra reningsenheter via maskinleasing har vi under v\u00e5ren 2024 b\u00f6rjat ta emot mindre batcher med sl\u00e4ckvatten kontaminerat med PFAS till v\u00e5r anl\u00e4ggning i Halmstad. Vi tar \u00e4ven emot skummande fraktioner, vilket g\u00f6r v\u00e5r l\u00f6sning flexibel och anpassningsbar f\u00f6r olika behov och volymer.<\/p>\n<h4><strong>Kontakta Oss<\/strong><\/h4>\n<p>F\u00f6r mer information, detaljerade siffror eller fr\u00e5gor, v\u00e4nligen kontakta v\u00e5r PFAS-ansvarige Johanna Gillberg p\u00e5 <a rel=\"noreferrer\">johanna.gillberg@heliosinnovations.se<\/a>.<\/p>\n<p>[\/et_pb_text][\/et_pb_column][et_pb_column type=&#8221;1_2&#8243; _builder_version=&#8221;4.19.0&#8243; _module_preset=&#8221;default&#8221; global_colors_info=&#8221;{}&#8221;][et_pb_image src=&#8221;https:\/\/heliosinnovations.se\/wp-content\/uploads\/2022\/11\/johanna-labb-e1718808118677.jpg&#8221; title_text=&#8221;johanna-labb&#8221; align=&#8221;center&#8221; _builder_version=&#8221;4.27.4&#8243; _module_preset=&#8221;default&#8221; width=&#8221;95%&#8221; min_height=&#8221;297.7px&#8221; custom_margin=&#8221;137px|||||&#8221; custom_padding=&#8221;2px|||||&#8221; border_radii=&#8221;on|30px|30px|30px|30px&#8221; global_colors_info=&#8221;{}&#8221;][\/et_pb_image][\/et_pb_column][\/et_pb_row][\/et_pb_section][et_pb_section fb_built=&#8221;1&#8243; _builder_version=&#8221;4.19.0&#8243; _module_preset=&#8221;default&#8221; custom_padding=&#8221;0px||0px||false|false&#8221; locked=&#8221;off&#8221; global_colors_info=&#8221;{}&#8221;][et_pb_row _builder_version=&#8221;4.19.0&#8243; _module_preset=&#8221;default&#8221; width=&#8221;90%&#8221; custom_padding=&#8221;2%||||false|false&#8221; global_colors_info=&#8221;{}&#8221;][et_pb_column type=&#8221;4_4&#8243; _builder_version=&#8221;4.19.0&#8243; _module_preset=&#8221;default&#8221; global_colors_info=&#8221;{}&#8221;][et_pb_divider color=&#8221;#daeef8&#8243; divider_weight=&#8221;2px&#8221; _builder_version=&#8221;4.19.0&#8243; _module_preset=&#8221;default&#8221; global_colors_info=&#8221;{}&#8221;][\/et_pb_divider][\/et_pb_column][\/et_pb_row][\/et_pb_section][et_pb_section fb_built=&#8221;1&#8243; _builder_version=&#8221;4.19.0&#8243; _module_preset=&#8221;default&#8221; custom_padding=&#8221;0px||||false|false&#8221; locked=&#8221;off&#8221; global_colors_info=&#8221;{}&#8221;][\/et_pb_section]<\/p>\n","protected":false},"excerpt":{"rendered":"<p>PFAS-reningPFAS-RENING MED HELIOS TEKNIK Fr\u00e5n Laboratorietester till Industriell Skala V\u00e5r resa mot effektiv PFAS-rening b\u00f6rjade 2022 med omfattande laboratorietester. Under 2023 utvecklade vi v\u00e5r teknik f\u00f6r att effektivt rena PFAS, och i b\u00f6rjan av 2024 startade vi rening i industriell skala p\u00e5 v\u00e5r anl\u00e4ggning IDA i Halmstad, i samarbete med Stena Recycling. Avancerad Teknik f\u00f6r [&hellip;]<\/p>\n","protected":false},"author":2,"featured_media":0,"parent":25472,"menu_order":0,"comment_status":"closed","ping_status":"closed","template":"","meta":{"_et_pb_use_builder":"on","_et_pb_old_content":"","_et_gb_content_width":"","footnotes":""},"class_list":["post-26235","page","type-page","status-publish","hentry"],"_links":{"self":[{"href":"https:\/\/heliosinnovations.se\/de\/wp-json\/wp\/v2\/pages\/26235","targetHints":{"allow":["GET"]}}],"collection":[{"href":"https:\/\/heliosinnovations.se\/de\/wp-json\/wp\/v2\/pages"}],"about":[{"href":"https:\/\/heliosinnovations.se\/de\/wp-json\/wp\/v2\/types\/page"}],"author":[{"embeddable":true,"href":"https:\/\/heliosinnovations.se\/de\/wp-json\/wp\/v2\/users\/2"}],"replies":[{"embeddable":true,"href":"https:\/\/heliosinnovations.se\/de\/wp-json\/wp\/v2\/comments?post=26235"}],"version-history":[{"count":0,"href":"https:\/\/heliosinnovations.se\/de\/wp-json\/wp\/v2\/pages\/26235\/revisions"}],"up":[{"embeddable":true,"href":"https:\/\/heliosinnovations.se\/de\/wp-json\/wp\/v2\/pages\/25472"}],"wp:attachment":[{"href":"https:\/\/heliosinnovations.se\/de\/wp-json\/wp\/v2\/media?parent=26235"}],"curies":[{"name":"wp","href":"https:\/\/api.w.org\/{rel}","templated":true}]}}