{"id":26197,"date":"2024-06-19T11:20:14","date_gmt":"2024-06-19T09:20:14","guid":{"rendered":"https:\/\/heliosinnovations.se\/?page_id=26197"},"modified":"2025-11-05T11:12:30","modified_gmt":"2025-11-05T10:12:30","slug":"teknik","status":"publish","type":"page","link":"https:\/\/heliosinnovations.se\/de\/vart-erbjudande\/teknik\/","title":{"rendered":"Technologie"},"content":{"rendered":"<p>[et_pb_section fb_built=&#8221;1&#8243; _builder_version=&#8221;4.27.4&#8243; _module_preset=&#8221;default&#8221; background_enable_image=&#8221;off&#8221; background_position=&#8221;bottom_center&#8221; locked=&#8221;off&#8221; global_colors_info=&#8221;{}&#8221;][et_pb_row _builder_version=&#8221;4.19.0&#8243; _module_preset=&#8221;default&#8221; width=&#8221;90%&#8221; global_colors_info=&#8221;{}&#8221;][et_pb_column type=&#8221;4_4&#8243; _builder_version=&#8221;4.19.0&#8243; _module_preset=&#8221;default&#8221; global_colors_info=&#8221;{}&#8221;][et_pb_text _builder_version=&#8221;4.27.4&#8243; _module_preset=&#8221;default&#8221; header_text_color=&#8221;#FFFFFF&#8221; header_font_size=&#8221;50px&#8221; custom_margin=&#8221;20px||||false|false&#8221; custom_padding=&#8221;0px||||false|false&#8221; global_colors_info=&#8221;{}&#8221;]<\/p>\n<h1><span style=\"color: #000000;\">V\u00e5r teknik<\/span><\/h1>\n<p>[\/et_pb_text][\/et_pb_column][\/et_pb_row][\/et_pb_section][et_pb_section fb_built=&#8221;1&#8243; admin_label=&#8221;Sektion&#8221; _builder_version=&#8221;4.27.4&#8243; _module_preset=&#8221;default&#8221; custom_margin=&#8221;-100px||||false|false&#8221; custom_padding=&#8221;||0px||false|false&#8221; locked=&#8221;off&#8221; global_colors_info=&#8221;{}&#8221;][et_pb_row column_structure=&#8221;1_2,1_2&#8243; _builder_version=&#8221;4.23.1&#8243; _module_preset=&#8221;default&#8221; width=&#8221;90%&#8221; global_colors_info=&#8221;{}&#8221;][et_pb_column type=&#8221;1_2&#8243; _builder_version=&#8221;4.19.0&#8243; _module_preset=&#8221;default&#8221; global_colors_info=&#8221;{}&#8221;][et_pb_text _builder_version=&#8221;4.23.1&#8243; _module_preset=&#8221;default&#8221; text_font=&#8221;Raleway||||||||&#8221; text_text_color=&#8221;#232323&#8243; header_2_font=&#8221;||||||||&#8221; header_2_font_size=&#8221;30px&#8221; header_3_font=&#8221;||||||||&#8221; header_3_font_size=&#8221;30px&#8221; width=&#8221;100%&#8221; custom_margin=&#8221;|-75px||||&#8221; locked=&#8221;off&#8221; global_colors_info=&#8221;{}&#8221;]<\/p>\n<h3>BANBRYTANDE VATTENRENINGSTEKNIK<\/h3>\n<p data-start=\"248\" data-end=\"374\"><strong data-start=\"248\" data-end=\"372\">Helios Innovations erbjuder en ny generation av vattenrening baserad p\u00e5 l\u00e5gtemperaturindunstning vid atmosf\u00e4riskt tryck.<\/strong><\/p>\n<p data-start=\"381\" data-end=\"699\">V\u00e5r egenutvecklade, eldrivna teknik anv\u00e4nder ett cellulosabaserat packningsmaterial som kraftigt \u00f6kar vattnets kontaktyta. Det g\u00f6r att indunstning kan ske effektivt redan vid l\u00e5ga temperaturer, under atmosf\u00e4riskt tryck.\u00a0<\/p>\n<p data-start=\"706\" data-end=\"1069\">V\u00e5ra anl\u00e4ggningar drivs helt p\u00e5 el, och tack vare den modul\u00e4ra designen levereras dem som <strong data-start=\"770\" data-end=\"797\">plug-and-play-l\u00f6sningar<\/strong>, vilket g\u00f6r installation och drift enkel och snabb. Genom v\u00e5rt helhetsuppl\u00e4gg, <strong data-start=\"877\" data-end=\"909\">Water Treatment as a Service<\/strong>, tar vi ansvar f\u00f6r hela processen \u2013 fr\u00e5n installation till service och \u00f6vervakning \u2013 och kunden betalar endast ett fast pris per behandlad kubikmeter vatten.<\/p>\n<p data-start=\"1076\" data-end=\"1226\">Tekniken koncentrerar v\u00e4tskan stegvis efter behov och \u00e4r s\u00e4rskilt effektiv f\u00f6r behandling av industriellt processvatten och flytande farligt avfall.<\/p>\n<p data-start=\"1233\" data-end=\"1415\"><strong data-start=\"1233\" data-end=\"1278\">V\u00e5r teknik minskar halter av bland annat:<\/strong><br data-start=\"1278\" data-end=\"1281\" \/>\u2022 Totalt organiskt kol (TOC)<br data-start=\"1311\" data-end=\"1314\" \/>\u2022 Kv\u00e4vef\u00f6reningar<br data-start=\"1333\" data-end=\"1336\" \/>\u2022 L\u00f6sta salter och mineraler<br data-start=\"1366\" data-end=\"1369\" \/>\u2022 Tungmetaller<br data-start=\"1385\" data-end=\"1388\" \/>\u2022 PFAS och mikroplaster<\/p>\n<p data-start=\"1422\" data-end=\"1725\"><strong data-start=\"1422\" data-end=\"1441\">Helios-tekniken<\/strong> \u00e4r robust och icke-selektiv \u2013 vilket inneb\u00e4r att den fungerar oberoende av vattnets sammans\u00e4ttning och reducerar breda spektrum av f\u00f6roreningar i en och samma process. Det g\u00f6r den idealisk f\u00f6r kunder som vill minska avfallsvolymer, s\u00e4nka kostnader och f\u00f6renkla sin vattenhantering.<\/p>\n<p>[\/et_pb_text][\/et_pb_column][et_pb_column type=&#8221;1_2&#8243; _builder_version=&#8221;4.19.0&#8243; _module_preset=&#8221;default&#8221; global_colors_info=&#8221;{}&#8221;][et_pb_image src=&#8221;https:\/\/heliosinnovations.se\/wp-content\/uploads\/2022\/11\/Erik-skissar.jpg&#8221; title_text=&#8221;Erik-skissar&#8221; align=&#8221;center&#8221; _builder_version=&#8221;4.27.4&#8243; _module_preset=&#8221;default&#8221; width=&#8221;90%&#8221; border_radii=&#8221;on|30px|30px|30px|30px&#8221; global_colors_info=&#8221;{}&#8221;][\/et_pb_image][et_pb_image src=&#8221;https:\/\/heliosinnovations.se\/wp-content\/uploads\/2022\/11\/cellulosablock.jpg&#8221; title_text=&#8221;cellulosablock&#8221; align=&#8221;center&#8221; _builder_version=&#8221;4.27.4&#8243; _module_preset=&#8221;default&#8221; width=&#8221;90%&#8221; border_radii=&#8221;on|30px|30px|30px|30px&#8221; global_colors_info=&#8221;{}&#8221;][\/et_pb_image][\/et_pb_column][\/et_pb_row][\/et_pb_section][et_pb_section fb_built=&#8221;1&#8243; _builder_version=&#8221;4.19.0&#8243; _module_preset=&#8221;default&#8221; custom_padding=&#8221;0px||0px||false|false&#8221; locked=&#8221;off&#8221; global_colors_info=&#8221;{}&#8221;][et_pb_row _builder_version=&#8221;4.19.0&#8243; _module_preset=&#8221;default&#8221; width=&#8221;90%&#8221; custom_padding=&#8221;2%||||false|false&#8221; global_colors_info=&#8221;{}&#8221;][et_pb_column type=&#8221;4_4&#8243; _builder_version=&#8221;4.19.0&#8243; _module_preset=&#8221;default&#8221; global_colors_info=&#8221;{}&#8221;][et_pb_divider color=&#8221;#daeef8&#8243; divider_weight=&#8221;2px&#8221; _builder_version=&#8221;4.19.0&#8243; _module_preset=&#8221;default&#8221; global_colors_info=&#8221;{}&#8221;][\/et_pb_divider][\/et_pb_column][\/et_pb_row][\/et_pb_section][et_pb_section fb_built=&#8221;1&#8243; _builder_version=&#8221;4.19.0&#8243; _module_preset=&#8221;default&#8221; custom_padding=&#8221;0px||||false|false&#8221; locked=&#8221;off&#8221; global_colors_info=&#8221;{}&#8221;][\/et_pb_section]<\/p>\n","protected":false},"excerpt":{"rendered":"<p>V\u00e5r teknikBANBRYTANDE VATTENRENINGSTEKNIK Helios Innovations erbjuder en ny generation av vattenrening baserad p\u00e5 l\u00e5gtemperaturindunstning vid atmosf\u00e4riskt tryck. V\u00e5r egenutvecklade, eldrivna teknik anv\u00e4nder ett cellulosabaserat packningsmaterial som kraftigt \u00f6kar vattnets kontaktyta. Det g\u00f6r att indunstning kan ske effektivt redan vid l\u00e5ga temperaturer, under atmosf\u00e4riskt tryck.\u00a0 V\u00e5ra anl\u00e4ggningar drivs helt p\u00e5 el, och tack vare den modul\u00e4ra [&hellip;]<\/p>\n","protected":false},"author":2,"featured_media":0,"parent":25472,"menu_order":0,"comment_status":"closed","ping_status":"closed","template":"","meta":{"_et_pb_use_builder":"on","_et_pb_old_content":"","_et_gb_content_width":"","footnotes":""},"class_list":["post-26197","page","type-page","status-publish","hentry"],"_links":{"self":[{"href":"https:\/\/heliosinnovations.se\/de\/wp-json\/wp\/v2\/pages\/26197","targetHints":{"allow":["GET"]}}],"collection":[{"href":"https:\/\/heliosinnovations.se\/de\/wp-json\/wp\/v2\/pages"}],"about":[{"href":"https:\/\/heliosinnovations.se\/de\/wp-json\/wp\/v2\/types\/page"}],"author":[{"embeddable":true,"href":"https:\/\/heliosinnovations.se\/de\/wp-json\/wp\/v2\/users\/2"}],"replies":[{"embeddable":true,"href":"https:\/\/heliosinnovations.se\/de\/wp-json\/wp\/v2\/comments?post=26197"}],"version-history":[{"count":0,"href":"https:\/\/heliosinnovations.se\/de\/wp-json\/wp\/v2\/pages\/26197\/revisions"}],"up":[{"embeddable":true,"href":"https:\/\/heliosinnovations.se\/de\/wp-json\/wp\/v2\/pages\/25472"}],"wp:attachment":[{"href":"https:\/\/heliosinnovations.se\/de\/wp-json\/wp\/v2\/media?parent=26197"}],"curies":[{"name":"wp","href":"https:\/\/api.w.org\/{rel}","templated":true}]}}